{"id":3158,"date":"2023-05-18T18:19:24","date_gmt":"2023-05-18T18:19:24","guid":{"rendered":"https:\/\/joyeriafloral.com\/contact\/"},"modified":"2025-12-09T07:59:49","modified_gmt":"2025-12-09T07:59:49","slug":"contact","status":"publish","type":"page","link":"https:\/\/joyeriafloral.com\/fr\/contact\/","title":{"rendered":"Contact"},"content":{"rendered":"\t\t<div data-elementor-type=\"wp-page\" data-elementor-id=\"3158\" class=\"elementor elementor-3158 elementor-109\" data-elementor-post-type=\"page\">\n\t\t\t\t\t\t<section class=\"elementor-section elementor-top-section elementor-element elementor-element-403f4527 elementor-section-items-stretch elementor-section-content-middle elementor-section-height-min-height elementor-section-boxed elementor-section-height-default\" data-id=\"403f4527\" data-element_type=\"section\" data-e-type=\"section\" data-settings=\"{&quot;background_background&quot;:&quot;classic&quot;}\">\n\t\t\t\t\t\t<div class=\"elementor-container elementor-column-gap-no\">\n\t\t\t\t\t<div class=\"elementor-column elementor-col-100 elementor-top-column elementor-element elementor-element-ea93d16\" data-id=\"ea93d16\" data-element_type=\"column\" data-e-type=\"column\" data-settings=\"{&quot;background_background&quot;:&quot;classic&quot;}\">\n\t\t\t<div class=\"elementor-widget-wrap elementor-element-populated\">\n\t\t\t\t\t<div class=\"elementor-background-overlay\"><\/div>\n\t\t\t\t\t\t<div class=\"elementor-element elementor-element-7f89f223 elementor-widget elementor-widget-heading\" data-id=\"7f89f223\" data-element_type=\"widget\" data-e-type=\"widget\" data-widget_type=\"heading.default\">\n\t\t\t\t<div class=\"elementor-widget-container\">\n\t\t\t\t\t<h1 class=\"elementor-heading-title elementor-size-default\">J'aimerais avoir de vos nouvelles<\/h1>\t\t\t\t<\/div>\n\t\t\t\t<\/div>\n\t\t\t\t<div class=\"elementor-element elementor-element-1e140625 elementor-widget elementor-widget-text-editor\" data-id=\"1e140625\" data-element_type=\"widget\" data-e-type=\"widget\" data-widget_type=\"text-editor.default\">\n\t\t\t\t<div class=\"elementor-widget-container\">\n\t\t\t\t\t\t\t\t\t<p>Pour toute question relative aux produits, vous pouvez \u00e9galement nous contacter en remplissant le formulaire ci-dessous.<\/p>\n\t\t\t\t\t\t\t\t<\/div>\n\t\t\t\t<\/div>\n\t\t\t\t<div class=\"elementor-element elementor-element-40f829de elementor-button-align-start elementor-tablet-button-align-start elementor-mobile-button-align-start elementor-widget elementor-widget-form\" data-id=\"40f829de\" data-element_type=\"widget\" data-e-type=\"widget\" data-settings=\"{&quot;step_next_label&quot;:&quot;Suivant&quot;,&quot;step_previous_label&quot;:&quot;Pr\\u00e9c\\u00e9dent&quot;,&quot;button_width&quot;:&quot;100&quot;,&quot;step_type&quot;:&quot;number_text&quot;,&quot;step_icon_shape&quot;:&quot;circle&quot;}\" data-widget_type=\"form.default\">\n\t\t\t\t<div class=\"elementor-widget-container\">\n\t\t\t\t\t\t\t<form class=\"elementor-form\" method=\"post\" name=\"Formulaire de contact\" aria-label=\"Formulaire de contact\">\n\t\t\t<input type=\"hidden\" name=\"post_id\" value=\"3158\"\/>\n\t\t\t<input type=\"hidden\" name=\"form_id\" value=\"40f829de\"\/>\n\t\t\t<input type=\"hidden\" name=\"referer_title\" value=\"Joyer\u00eda floral\" \/>\n\n\t\t\t\n\t\t\t<div class=\"elementor-form-fields-wrapper elementor-labels-\">\n\t\t\t\t\t\t\t\t<div class=\"elementor-field-type-text elementor-field-group elementor-column elementor-field-group-name elementor-col-50\">\n\t\t\t\t\t\t\t\t\t\t\t\t<label for=\"form-field-name\" class=\"elementor-field-label elementor-screen-only\">\n\t\t\t\t\t\t\t\tNom\t\t\t\t\t\t\t<\/label>\n\t\t\t\t\t\t\t\t\t\t\t\t\t\t<input size=\"1\" type=\"text\" name=\"form_fields[name]\" id=\"form-field-name\" class=\"elementor-field elementor-size-sm  elementor-field-textual\" placeholder=\"Nom\">\n\t\t\t\t\t\t\t\t\t\t\t<\/div>\n\t\t\t\t\t\t\t\t<div class=\"elementor-field-type-email elementor-field-group elementor-column elementor-field-group-email elementor-col-50 elementor-field-required\">\n\t\t\t\t\t\t\t\t\t\t\t\t<label for=\"form-field-email\" class=\"elementor-field-label elementor-screen-only\">\n\t\t\t\t\t\t\t\tCourriel\t\t\t\t\t\t\t<\/label>\n\t\t\t\t\t\t\t\t\t\t\t\t\t\t<input size=\"1\" type=\"email\" name=\"form_fields[email]\" id=\"form-field-email\" class=\"elementor-field elementor-size-sm  elementor-field-textual\" placeholder=\"Courriel\" required=\"required\">\n\t\t\t\t\t\t\t\t\t\t\t<\/div>\n\t\t\t\t\t\t\t\t<div class=\"elementor-field-type-text elementor-field-group elementor-column elementor-field-group-field_6162686 elementor-col-100\">\n\t\t\t\t\t\t\t\t\t\t\t\t<label for=\"form-field-field_6162686\" class=\"elementor-field-label elementor-screen-only\">\n\t\t\t\t\t\t\t\tSujet\t\t\t\t\t\t\t<\/label>\n\t\t\t\t\t\t\t\t\t\t\t\t\t\t<input size=\"1\" type=\"text\" name=\"form_fields[field_6162686]\" id=\"form-field-field_6162686\" class=\"elementor-field elementor-size-sm  elementor-field-textual\" placeholder=\"Sujet\">\n\t\t\t\t\t\t\t\t\t\t\t<\/div>\n\t\t\t\t\t\t\t\t<div class=\"elementor-field-type-textarea elementor-field-group elementor-column elementor-field-group-message elementor-col-100\">\n\t\t\t\t\t\t\t\t\t\t\t\t<label for=\"form-field-message\" class=\"elementor-field-label elementor-screen-only\">\n\t\t\t\t\t\t\t\tMessage\t\t\t\t\t\t\t<\/label>\n\t\t\t\t\t\t<textarea class=\"elementor-field-textual elementor-field  elementor-size-sm\" name=\"form_fields[message]\" id=\"form-field-message\" rows=\"4\" placeholder=\"Message\"><\/textarea>\t\t\t\t<\/div>\n\t\t\t\t\t\t\t\t<div class=\"elementor-field-type-recaptcha_v3 elementor-field-group elementor-column elementor-field-group-field_4758530 elementor-col-100 recaptcha_v3-bottomleft\">\n\t\t\t\t\t<div class=\"elementor-field\" id=\"form-field-field_4758530\"><div class=\"elementor-g-recaptcha\" data-sitekey=\"6LdQKQkrAAAAAIIoezyzXzeDHeMt1hxflcZK4x2L\" data-type=\"v3\" data-action=\"Form\" data-badge=\"bottomleft\" data-size=\"invisible\"><\/div><\/div>\t\t\t\t<\/div>\n\t\t\t\t\t\t\t\t<div class=\"elementor-field-group elementor-column elementor-field-type-submit elementor-col-100 e-form__buttons\">\n\t\t\t\t\t<button class=\"elementor-button elementor-size-sm\" type=\"submit\">\n\t\t\t\t\t\t<span class=\"elementor-button-content-wrapper\">\n\t\t\t\t\t\t\t\t\t\t\t\t\t\t\t\t\t\t\t\t\t\t<span class=\"elementor-button-text\">Envoyer \u27f6<\/span>\n\t\t\t\t\t\t\t\t\t\t\t\t\t<\/span>\n\t\t\t\t\t<\/button>\n\t\t\t\t<\/div>\n\t\t\t<\/div>\n\t\t<\/form>\n\t\t\t\t\t\t<\/div>\n\t\t\t\t<\/div>\n\t\t\t\t\t<\/div>\n\t\t<\/div>\n\t\t\t\t\t<\/div>\n\t\t<\/section>\n\t\t\t\t<section class=\"elementor-section elementor-top-section elementor-element elementor-element-7951b1e2 elementor-section-boxed elementor-section-height-default elementor-section-height-default\" data-id=\"7951b1e2\" data-element_type=\"section\" data-e-type=\"section\">\n\t\t\t\t\t\t<div class=\"elementor-container elementor-column-gap-default\">\n\t\t\t\t\t<div class=\"elementor-column elementor-col-100 elementor-top-column elementor-element elementor-element-17123592\" data-id=\"17123592\" data-element_type=\"column\" data-e-type=\"column\">\n\t\t\t<div class=\"elementor-widget-wrap elementor-element-populated\">\n\t\t\t\t\t\t<div class=\"elementor-element elementor-element-45f618e elementor-widget elementor-widget-shortcode\" data-id=\"45f618e\" data-element_type=\"widget\" data-e-type=\"widget\" data-widget_type=\"shortcode.default\">\n\t\t\t\t<div class=\"elementor-widget-container\">\n\t\t\t\t\t\t\t<div class=\"elementor-shortcode\">\t\t<div id=\"sbi_mod_error\" >\n\t\t\t<span>Ce message d\u2019erreur n\u2019est visible que pour les administrateurs de WordPress<\/span><br\/>\n\t\t\t<p><strong>Erreur\u00a0:  aucun flux avec l\u2019ID 2 n\u2019a \u00e9t\u00e9 trouv\u00e9.<\/strong>\n\t\t\t<p>Veuillez aller sur la page de r\u00e9glages d\u2018Instagram Feed pour connecter votre compte.<\/p>\n\t\t<\/div>\n\t\t<\/div>\n\t\t\t\t\t\t<\/div>\n\t\t\t\t<\/div>\n\t\t\t\t\t<\/div>\n\t\t<\/div>\n\t\t\t\t\t<\/div>\n\t\t<\/section>\n\t\t\t\t<\/div>\n\t\t","protected":false},"excerpt":{"rendered":"<p>J&rsquo;aimerais avoir de vos nouvelles Pour toute question relative aux produits, vous pouvez \u00e9galement nous contacter en remplissant le formulaire ci-dessous.<\/p>\n","protected":false},"author":1,"featured_media":0,"parent":0,"menu_order":0,"comment_status":"closed","ping_status":"closed","template":"","meta":{"_acf_changed":false,"_joinchat":[],"footnotes":""},"class_list":["post-3158","page","type-page","status-publish","hentry"],"acf":[],"yoast_head":"<!-- This site is optimized with the Yoast SEO plugin v27.3 - https:\/\/yoast.com\/product\/yoast-seo-wordpress\/ -->\n<title>Contact - Joyer\u00eda floral<\/title>\n<meta name=\"robots\" content=\"index, follow, max-snippet:-1, max-image-preview:large, max-video-preview:-1\" \/>\n<link rel=\"canonical\" href=\"https:\/\/joyeriafloral.com\/fr\/contact\/\" \/>\n<meta property=\"og:locale\" content=\"fr_FR\" \/>\n<meta property=\"og:type\" content=\"article\" \/>\n<meta property=\"og:title\" content=\"Contact - Joyer\u00eda floral\" \/>\n<meta property=\"og:description\" content=\"J&rsquo;aimerais avoir de vos nouvelles Pour toute question relative aux produits, vous pouvez \u00e9galement nous contacter en remplissant le formulaire ci-dessous.\" \/>\n<meta property=\"og:url\" content=\"https:\/\/joyeriafloral.com\/fr\/contact\/\" \/>\n<meta property=\"og:site_name\" content=\"Joyer\u00eda floral\" \/>\n<meta property=\"article:modified_time\" content=\"2025-12-09T07:59:49+00:00\" \/>\n<meta name=\"twitter:card\" content=\"summary_large_image\" \/>\n<meta name=\"twitter:label1\" content=\"Dur\u00e9e de lecture estim\u00e9e\" \/>\n\t<meta name=\"twitter:data1\" content=\"1 minute\" \/>\n<script type=\"application\/ld+json\" class=\"yoast-schema-graph\">{\"@context\":\"https:\\\/\\\/schema.org\",\"@graph\":[{\"@type\":\"WebPage\",\"@id\":\"https:\\\/\\\/joyeriafloral.com\\\/fr\\\/contact\\\/\",\"url\":\"https:\\\/\\\/joyeriafloral.com\\\/fr\\\/contact\\\/\",\"name\":\"Contact - Joyer\u00eda floral\",\"isPartOf\":{\"@id\":\"https:\\\/\\\/joyeriafloral.com\\\/fr\\\/#website\"},\"datePublished\":\"2023-05-18T18:19:24+00:00\",\"dateModified\":\"2025-12-09T07:59:49+00:00\",\"breadcrumb\":{\"@id\":\"https:\\\/\\\/joyeriafloral.com\\\/fr\\\/contact\\\/#breadcrumb\"},\"inLanguage\":\"fr-FR\",\"potentialAction\":[{\"@type\":\"ReadAction\",\"target\":[\"https:\\\/\\\/joyeriafloral.com\\\/fr\\\/contact\\\/\"]}]},{\"@type\":\"BreadcrumbList\",\"@id\":\"https:\\\/\\\/joyeriafloral.com\\\/fr\\\/contact\\\/#breadcrumb\",\"itemListElement\":[{\"@type\":\"ListItem\",\"position\":1,\"name\":\"Inicio\",\"item\":\"https:\\\/\\\/joyeriafloral.com\\\/fr\\\/\"},{\"@type\":\"ListItem\",\"position\":2,\"name\":\"Contact\"}]},{\"@type\":\"WebSite\",\"@id\":\"https:\\\/\\\/joyeriafloral.com\\\/fr\\\/#website\",\"url\":\"https:\\\/\\\/joyeriafloral.com\\\/fr\\\/\",\"name\":\"Joyer\u00eda floral\",\"description\":\"ARTE-SANA\",\"publisher\":{\"@id\":\"https:\\\/\\\/joyeriafloral.com\\\/fr\\\/#\\\/schema\\\/person\\\/7b9d54dbd2334a9d717b19554ea5effe\"},\"potentialAction\":[{\"@type\":\"SearchAction\",\"target\":{\"@type\":\"EntryPoint\",\"urlTemplate\":\"https:\\\/\\\/joyeriafloral.com\\\/fr\\\/?s={search_term_string}\"},\"query-input\":{\"@type\":\"PropertyValueSpecification\",\"valueRequired\":true,\"valueName\":\"search_term_string\"}}],\"inLanguage\":\"fr-FR\"},{\"@type\":[\"Person\",\"Organization\"],\"@id\":\"https:\\\/\\\/joyeriafloral.com\\\/fr\\\/#\\\/schema\\\/person\\\/7b9d54dbd2334a9d717b19554ea5effe\",\"name\":\"nereartesana\",\"image\":{\"@type\":\"ImageObject\",\"inLanguage\":\"fr-FR\",\"@id\":\"https:\\\/\\\/joyeriafloral.com\\\/wp-content\\\/uploads\\\/2025\\\/03\\\/cropped-logotype_joyeriafloral.jpg\",\"url\":\"https:\\\/\\\/joyeriafloral.com\\\/wp-content\\\/uploads\\\/2025\\\/03\\\/cropped-logotype_joyeriafloral.jpg\",\"contentUrl\":\"https:\\\/\\\/joyeriafloral.com\\\/wp-content\\\/uploads\\\/2025\\\/03\\\/cropped-logotype_joyeriafloral.jpg\",\"width\":1598,\"height\":458,\"caption\":\"nereartesana\"},\"logo\":{\"@id\":\"https:\\\/\\\/joyeriafloral.com\\\/wp-content\\\/uploads\\\/2025\\\/03\\\/cropped-logotype_joyeriafloral.jpg\"}}]}<\/script>\n<!-- \/ Yoast SEO plugin. -->","yoast_head_json":{"title":"Contact - Joyer\u00eda floral","robots":{"index":"index","follow":"follow","max-snippet":"max-snippet:-1","max-image-preview":"max-image-preview:large","max-video-preview":"max-video-preview:-1"},"canonical":"https:\/\/joyeriafloral.com\/fr\/contact\/","og_locale":"fr_FR","og_type":"article","og_title":"Contact - Joyer\u00eda floral","og_description":"J&rsquo;aimerais avoir de vos nouvelles Pour toute question relative aux produits, vous pouvez \u00e9galement nous contacter en remplissant le formulaire ci-dessous.","og_url":"https:\/\/joyeriafloral.com\/fr\/contact\/","og_site_name":"Joyer\u00eda floral","article_modified_time":"2025-12-09T07:59:49+00:00","twitter_card":"summary_large_image","twitter_misc":{"Dur\u00e9e de lecture estim\u00e9e":"1 minute"},"schema":{"@context":"https:\/\/schema.org","@graph":[{"@type":"WebPage","@id":"https:\/\/joyeriafloral.com\/fr\/contact\/","url":"https:\/\/joyeriafloral.com\/fr\/contact\/","name":"Contact - Joyer\u00eda floral","isPartOf":{"@id":"https:\/\/joyeriafloral.com\/fr\/#website"},"datePublished":"2023-05-18T18:19:24+00:00","dateModified":"2025-12-09T07:59:49+00:00","breadcrumb":{"@id":"https:\/\/joyeriafloral.com\/fr\/contact\/#breadcrumb"},"inLanguage":"fr-FR","potentialAction":[{"@type":"ReadAction","target":["https:\/\/joyeriafloral.com\/fr\/contact\/"]}]},{"@type":"BreadcrumbList","@id":"https:\/\/joyeriafloral.com\/fr\/contact\/#breadcrumb","itemListElement":[{"@type":"ListItem","position":1,"name":"Inicio","item":"https:\/\/joyeriafloral.com\/fr\/"},{"@type":"ListItem","position":2,"name":"Contact"}]},{"@type":"WebSite","@id":"https:\/\/joyeriafloral.com\/fr\/#website","url":"https:\/\/joyeriafloral.com\/fr\/","name":"Joyer\u00eda floral","description":"ARTE-SANA","publisher":{"@id":"https:\/\/joyeriafloral.com\/fr\/#\/schema\/person\/7b9d54dbd2334a9d717b19554ea5effe"},"potentialAction":[{"@type":"SearchAction","target":{"@type":"EntryPoint","urlTemplate":"https:\/\/joyeriafloral.com\/fr\/?s={search_term_string}"},"query-input":{"@type":"PropertyValueSpecification","valueRequired":true,"valueName":"search_term_string"}}],"inLanguage":"fr-FR"},{"@type":["Person","Organization"],"@id":"https:\/\/joyeriafloral.com\/fr\/#\/schema\/person\/7b9d54dbd2334a9d717b19554ea5effe","name":"nereartesana","image":{"@type":"ImageObject","inLanguage":"fr-FR","@id":"https:\/\/joyeriafloral.com\/wp-content\/uploads\/2025\/03\/cropped-logotype_joyeriafloral.jpg","url":"https:\/\/joyeriafloral.com\/wp-content\/uploads\/2025\/03\/cropped-logotype_joyeriafloral.jpg","contentUrl":"https:\/\/joyeriafloral.com\/wp-content\/uploads\/2025\/03\/cropped-logotype_joyeriafloral.jpg","width":1598,"height":458,"caption":"nereartesana"},"logo":{"@id":"https:\/\/joyeriafloral.com\/wp-content\/uploads\/2025\/03\/cropped-logotype_joyeriafloral.jpg"}}]}},"_links":{"self":[{"href":"https:\/\/joyeriafloral.com\/fr\/wp-json\/wp\/v2\/pages\/3158","targetHints":{"allow":["GET"]}}],"collection":[{"href":"https:\/\/joyeriafloral.com\/fr\/wp-json\/wp\/v2\/pages"}],"about":[{"href":"https:\/\/joyeriafloral.com\/fr\/wp-json\/wp\/v2\/types\/page"}],"author":[{"embeddable":true,"href":"https:\/\/joyeriafloral.com\/fr\/wp-json\/wp\/v2\/users\/1"}],"replies":[{"embeddable":true,"href":"https:\/\/joyeriafloral.com\/fr\/wp-json\/wp\/v2\/comments?post=3158"}],"version-history":[{"count":3,"href":"https:\/\/joyeriafloral.com\/fr\/wp-json\/wp\/v2\/pages\/3158\/revisions"}],"predecessor-version":[{"id":6918,"href":"https:\/\/joyeriafloral.com\/fr\/wp-json\/wp\/v2\/pages\/3158\/revisions\/6918"}],"wp:attachment":[{"href":"https:\/\/joyeriafloral.com\/fr\/wp-json\/wp\/v2\/media?parent=3158"}],"curies":[{"name":"wp","href":"https:\/\/api.w.org\/{rel}","templated":true}]}}