{"id":3483,"date":"2023-12-11T15:35:44","date_gmt":"2023-12-11T15:35:44","guid":{"rendered":"https:\/\/joyeriafloral.com\/non%20class\u00e9\/mini-bague\/"},"modified":"2025-05-26T15:42:56","modified_gmt":"2025-05-26T15:42:56","slug":"mini-bague","status":"publish","type":"product","link":"https:\/\/joyeriafloral.com\/fr\/bagues-et-bracelets\/mini-bague\/","title":{"rendered":"Mini bague"},"content":{"rendered":"<p>Bague en argent sterling avec une fleur naturelle \u00e0 l&rsquo;int\u00e9rieur.<\/p>\n<p>Tailles :<\/p>\n<p>Taille 4 (15mm)<\/p>\n<p>Taille 5 (15&rsquo;7mm)<\/p>\n<p>Taille 6 (16&rsquo;5mm)<\/p>\n<p>Taille 7 (17&rsquo;7mm)<\/p>\n<p>Taille 8 (18mm)<\/p>\n<p>Taille 9 (18&rsquo;5mm)<\/p>\n<p>Pour conna\u00eetre la taille, vous pouvez prendre une feuille de papier et un crayon, mesurer le doigt que vous voulez pour la bague et marquer avec le crayon le diam\u00e8tre de votre doigt, puis vous pouvez utiliser une r\u00e8gle ou un m\u00e8tre ruban pour conna\u00eetre la mesure et la taille. Une autre option consiste \u00e0 rechercher des applications qui vous aident \u00e0 d\u00e9terminer votre taille.<\/p>\n<p>Si votre taille ne correspond \u00e0 aucune des tailles propos\u00e9es, veuillez m&rsquo;en informer et nous cr\u00e9erons une bague sur mesure pour vous.<\/p>\n","protected":false},"excerpt":{"rendered":"<p>Bague en argent sterling avec une fleur naturelle \u00e0 l&rsquo;int\u00e9rieur. Tailles : Taille 4 (15mm) Taille 5 (15&rsquo;7mm) Taille 6 (16&rsquo;5mm) Taille 7 (17&rsquo;7mm) Taille 8 (18mm) Taille 9 (18&rsquo;5mm) Pour conna\u00eetre la taille, vous pouvez prendre une feuille de papier et un crayon, mesurer le doigt que vous voulez pour la bague et marquer [&hellip;]<\/p>\n","protected":false},"featured_media":3108,"comment_status":"open","ping_status":"closed","template":"","meta":{"_acf_changed":false,"_joinchat":[]},"product_brand":[],"product_cat":[116,114],"product_tag":[],"class_list":{"0":"post-3483","1":"product","2":"type-product","3":"status-publish","4":"has-post-thumbnail","6":"product_cat-anneaux-et-boucles-de-bracelets-en-argent","7":"product_cat-bagues-et-bracelets","9":"first","10":"outofstock","11":"taxable","12":"shipping-taxable","13":"purchasable","14":"product-type-variable"},"acf":[],"yoast_head":"<!-- This site is optimized with the Yoast SEO plugin v27.3 - https:\/\/yoast.com\/product\/yoast-seo-wordpress\/ -->\n<title>Mini bague - Joyer\u00eda floral<\/title>\n<meta name=\"robots\" content=\"index, follow, max-snippet:-1, max-image-preview:large, max-video-preview:-1\" \/>\n<link rel=\"canonical\" href=\"https:\/\/joyeriafloral.com\/fr\/bagues-et-bracelets\/mini-bague\/\" \/>\n<meta property=\"og:locale\" content=\"fr_FR\" \/>\n<meta property=\"og:type\" content=\"article\" \/>\n<meta property=\"og:title\" content=\"Mini bague - Joyer\u00eda floral\" \/>\n<meta property=\"og:description\" content=\"Bague en argent sterling avec une fleur naturelle \u00e0 l&rsquo;int\u00e9rieur. Tailles : Taille 4 (15mm) Taille 5 (15&rsquo;7mm) Taille 6 (16&rsquo;5mm) Taille 7 (17&rsquo;7mm) Taille 8 (18mm) Taille 9 (18&rsquo;5mm) Pour conna\u00eetre la taille, vous pouvez prendre une feuille de papier et un crayon, mesurer le doigt que vous voulez pour la bague et marquer [&hellip;]\" \/>\n<meta property=\"og:url\" content=\"https:\/\/joyeriafloral.com\/fr\/bagues-et-bracelets\/mini-bague\/\" \/>\n<meta property=\"og:site_name\" content=\"Joyer\u00eda floral\" \/>\n<meta property=\"article:modified_time\" content=\"2025-05-26T15:42:56+00:00\" \/>\n<meta property=\"og:image\" content=\"https:\/\/joyeriafloral.com\/wp-content\/uploads\/2023\/12\/WhatsApp-Image-2023-12-11-at-16.31.042.jpeg\" \/>\n\t<meta property=\"og:image:width\" content=\"899\" \/>\n\t<meta property=\"og:image:height\" content=\"1210\" \/>\n\t<meta property=\"og:image:type\" content=\"image\/jpeg\" \/>\n<meta name=\"twitter:card\" content=\"summary_large_image\" \/>\n<meta name=\"twitter:label1\" content=\"Dur\u00e9e de lecture estim\u00e9e\" \/>\n\t<meta name=\"twitter:data1\" content=\"1 minute\" \/>\n<script type=\"application\/ld+json\" class=\"yoast-schema-graph\">{\"@context\":\"https:\\\/\\\/schema.org\",\"@graph\":[{\"@type\":\"WebPage\",\"@id\":\"https:\\\/\\\/joyeriafloral.com\\\/fr\\\/bagues-et-bracelets\\\/mini-bague\\\/\",\"url\":\"https:\\\/\\\/joyeriafloral.com\\\/fr\\\/bagues-et-bracelets\\\/mini-bague\\\/\",\"name\":\"Mini bague - Joyer\u00eda floral\",\"isPartOf\":{\"@id\":\"https:\\\/\\\/joyeriafloral.com\\\/fr\\\/#website\"},\"primaryImageOfPage\":{\"@id\":\"https:\\\/\\\/joyeriafloral.com\\\/fr\\\/bagues-et-bracelets\\\/mini-bague\\\/#primaryimage\"},\"image\":{\"@id\":\"https:\\\/\\\/joyeriafloral.com\\\/fr\\\/bagues-et-bracelets\\\/mini-bague\\\/#primaryimage\"},\"thumbnailUrl\":\"https:\\\/\\\/joyeriafloral.com\\\/wp-content\\\/uploads\\\/2023\\\/12\\\/WhatsApp-Image-2023-12-11-at-16.31.042.jpeg\",\"datePublished\":\"2023-12-11T15:35:44+00:00\",\"dateModified\":\"2025-05-26T15:42:56+00:00\",\"breadcrumb\":{\"@id\":\"https:\\\/\\\/joyeriafloral.com\\\/fr\\\/bagues-et-bracelets\\\/mini-bague\\\/#breadcrumb\"},\"inLanguage\":\"fr-FR\",\"potentialAction\":[{\"@type\":\"ReadAction\",\"target\":[\"https:\\\/\\\/joyeriafloral.com\\\/fr\\\/bagues-et-bracelets\\\/mini-bague\\\/\"]}]},{\"@type\":\"ImageObject\",\"inLanguage\":\"fr-FR\",\"@id\":\"https:\\\/\\\/joyeriafloral.com\\\/fr\\\/bagues-et-bracelets\\\/mini-bague\\\/#primaryimage\",\"url\":\"https:\\\/\\\/joyeriafloral.com\\\/wp-content\\\/uploads\\\/2023\\\/12\\\/WhatsApp-Image-2023-12-11-at-16.31.042.jpeg\",\"contentUrl\":\"https:\\\/\\\/joyeriafloral.com\\\/wp-content\\\/uploads\\\/2023\\\/12\\\/WhatsApp-Image-2023-12-11-at-16.31.042.jpeg\",\"width\":899,\"height\":1210},{\"@type\":\"BreadcrumbList\",\"@id\":\"https:\\\/\\\/joyeriafloral.com\\\/fr\\\/bagues-et-bracelets\\\/mini-bague\\\/#breadcrumb\",\"itemListElement\":[{\"@type\":\"ListItem\",\"position\":1,\"name\":\"Inicio\",\"item\":\"https:\\\/\\\/joyeriafloral.com\\\/fr\\\/\"},{\"@type\":\"ListItem\",\"position\":2,\"name\":\"Tienda\",\"item\":\"https:\\\/\\\/joyeriafloral.com\\\/tienda\\\/\"},{\"@type\":\"ListItem\",\"position\":3,\"name\":\"Mini bague\"}]},{\"@type\":\"WebSite\",\"@id\":\"https:\\\/\\\/joyeriafloral.com\\\/fr\\\/#website\",\"url\":\"https:\\\/\\\/joyeriafloral.com\\\/fr\\\/\",\"name\":\"Joyer\u00eda floral\",\"description\":\"ARTE-SANA\",\"publisher\":{\"@id\":\"https:\\\/\\\/joyeriafloral.com\\\/fr\\\/#\\\/schema\\\/person\\\/7b9d54dbd2334a9d717b19554ea5effe\"},\"potentialAction\":[{\"@type\":\"SearchAction\",\"target\":{\"@type\":\"EntryPoint\",\"urlTemplate\":\"https:\\\/\\\/joyeriafloral.com\\\/fr\\\/?s={search_term_string}\"},\"query-input\":{\"@type\":\"PropertyValueSpecification\",\"valueRequired\":true,\"valueName\":\"search_term_string\"}}],\"inLanguage\":\"fr-FR\"},{\"@type\":[\"Person\",\"Organization\"],\"@id\":\"https:\\\/\\\/joyeriafloral.com\\\/fr\\\/#\\\/schema\\\/person\\\/7b9d54dbd2334a9d717b19554ea5effe\",\"name\":\"nereartesana\",\"image\":{\"@type\":\"ImageObject\",\"inLanguage\":\"fr-FR\",\"@id\":\"https:\\\/\\\/joyeriafloral.com\\\/wp-content\\\/uploads\\\/2025\\\/03\\\/cropped-logotype_joyeriafloral.jpg\",\"url\":\"https:\\\/\\\/joyeriafloral.com\\\/wp-content\\\/uploads\\\/2025\\\/03\\\/cropped-logotype_joyeriafloral.jpg\",\"contentUrl\":\"https:\\\/\\\/joyeriafloral.com\\\/wp-content\\\/uploads\\\/2025\\\/03\\\/cropped-logotype_joyeriafloral.jpg\",\"width\":1598,\"height\":458,\"caption\":\"nereartesana\"},\"logo\":{\"@id\":\"https:\\\/\\\/joyeriafloral.com\\\/wp-content\\\/uploads\\\/2025\\\/03\\\/cropped-logotype_joyeriafloral.jpg\"}}]}<\/script>\n<!-- \/ Yoast SEO plugin. -->","yoast_head_json":{"title":"Mini bague - Joyer\u00eda floral","robots":{"index":"index","follow":"follow","max-snippet":"max-snippet:-1","max-image-preview":"max-image-preview:large","max-video-preview":"max-video-preview:-1"},"canonical":"https:\/\/joyeriafloral.com\/fr\/bagues-et-bracelets\/mini-bague\/","og_locale":"fr_FR","og_type":"article","og_title":"Mini bague - Joyer\u00eda floral","og_description":"Bague en argent sterling avec une fleur naturelle \u00e0 l&rsquo;int\u00e9rieur. Tailles : Taille 4 (15mm) Taille 5 (15&rsquo;7mm) Taille 6 (16&rsquo;5mm) Taille 7 (17&rsquo;7mm) Taille 8 (18mm) Taille 9 (18&rsquo;5mm) Pour conna\u00eetre la taille, vous pouvez prendre une feuille de papier et un crayon, mesurer le doigt que vous voulez pour la bague et marquer [&hellip;]","og_url":"https:\/\/joyeriafloral.com\/fr\/bagues-et-bracelets\/mini-bague\/","og_site_name":"Joyer\u00eda floral","article_modified_time":"2025-05-26T15:42:56+00:00","og_image":[{"width":899,"height":1210,"url":"https:\/\/joyeriafloral.com\/wp-content\/uploads\/2023\/12\/WhatsApp-Image-2023-12-11-at-16.31.042.jpeg","type":"image\/jpeg"}],"twitter_card":"summary_large_image","twitter_misc":{"Dur\u00e9e de lecture estim\u00e9e":"1 minute"},"schema":{"@context":"https:\/\/schema.org","@graph":[{"@type":"WebPage","@id":"https:\/\/joyeriafloral.com\/fr\/bagues-et-bracelets\/mini-bague\/","url":"https:\/\/joyeriafloral.com\/fr\/bagues-et-bracelets\/mini-bague\/","name":"Mini bague - Joyer\u00eda floral","isPartOf":{"@id":"https:\/\/joyeriafloral.com\/fr\/#website"},"primaryImageOfPage":{"@id":"https:\/\/joyeriafloral.com\/fr\/bagues-et-bracelets\/mini-bague\/#primaryimage"},"image":{"@id":"https:\/\/joyeriafloral.com\/fr\/bagues-et-bracelets\/mini-bague\/#primaryimage"},"thumbnailUrl":"https:\/\/joyeriafloral.com\/wp-content\/uploads\/2023\/12\/WhatsApp-Image-2023-12-11-at-16.31.042.jpeg","datePublished":"2023-12-11T15:35:44+00:00","dateModified":"2025-05-26T15:42:56+00:00","breadcrumb":{"@id":"https:\/\/joyeriafloral.com\/fr\/bagues-et-bracelets\/mini-bague\/#breadcrumb"},"inLanguage":"fr-FR","potentialAction":[{"@type":"ReadAction","target":["https:\/\/joyeriafloral.com\/fr\/bagues-et-bracelets\/mini-bague\/"]}]},{"@type":"ImageObject","inLanguage":"fr-FR","@id":"https:\/\/joyeriafloral.com\/fr\/bagues-et-bracelets\/mini-bague\/#primaryimage","url":"https:\/\/joyeriafloral.com\/wp-content\/uploads\/2023\/12\/WhatsApp-Image-2023-12-11-at-16.31.042.jpeg","contentUrl":"https:\/\/joyeriafloral.com\/wp-content\/uploads\/2023\/12\/WhatsApp-Image-2023-12-11-at-16.31.042.jpeg","width":899,"height":1210},{"@type":"BreadcrumbList","@id":"https:\/\/joyeriafloral.com\/fr\/bagues-et-bracelets\/mini-bague\/#breadcrumb","itemListElement":[{"@type":"ListItem","position":1,"name":"Inicio","item":"https:\/\/joyeriafloral.com\/fr\/"},{"@type":"ListItem","position":2,"name":"Tienda","item":"https:\/\/joyeriafloral.com\/tienda\/"},{"@type":"ListItem","position":3,"name":"Mini bague"}]},{"@type":"WebSite","@id":"https:\/\/joyeriafloral.com\/fr\/#website","url":"https:\/\/joyeriafloral.com\/fr\/","name":"Joyer\u00eda floral","description":"ARTE-SANA","publisher":{"@id":"https:\/\/joyeriafloral.com\/fr\/#\/schema\/person\/7b9d54dbd2334a9d717b19554ea5effe"},"potentialAction":[{"@type":"SearchAction","target":{"@type":"EntryPoint","urlTemplate":"https:\/\/joyeriafloral.com\/fr\/?s={search_term_string}"},"query-input":{"@type":"PropertyValueSpecification","valueRequired":true,"valueName":"search_term_string"}}],"inLanguage":"fr-FR"},{"@type":["Person","Organization"],"@id":"https:\/\/joyeriafloral.com\/fr\/#\/schema\/person\/7b9d54dbd2334a9d717b19554ea5effe","name":"nereartesana","image":{"@type":"ImageObject","inLanguage":"fr-FR","@id":"https:\/\/joyeriafloral.com\/wp-content\/uploads\/2025\/03\/cropped-logotype_joyeriafloral.jpg","url":"https:\/\/joyeriafloral.com\/wp-content\/uploads\/2025\/03\/cropped-logotype_joyeriafloral.jpg","contentUrl":"https:\/\/joyeriafloral.com\/wp-content\/uploads\/2025\/03\/cropped-logotype_joyeriafloral.jpg","width":1598,"height":458,"caption":"nereartesana"},"logo":{"@id":"https:\/\/joyeriafloral.com\/wp-content\/uploads\/2025\/03\/cropped-logotype_joyeriafloral.jpg"}}]}},"_links":{"self":[{"href":"https:\/\/joyeriafloral.com\/fr\/wp-json\/wp\/v2\/product\/3483","targetHints":{"allow":["GET"]}}],"collection":[{"href":"https:\/\/joyeriafloral.com\/fr\/wp-json\/wp\/v2\/product"}],"about":[{"href":"https:\/\/joyeriafloral.com\/fr\/wp-json\/wp\/v2\/types\/product"}],"replies":[{"embeddable":true,"href":"https:\/\/joyeriafloral.com\/fr\/wp-json\/wp\/v2\/comments?post=3483"}],"wp:featuredmedia":[{"embeddable":true,"href":"https:\/\/joyeriafloral.com\/fr\/wp-json\/wp\/v2\/media\/3108"}],"wp:attachment":[{"href":"https:\/\/joyeriafloral.com\/fr\/wp-json\/wp\/v2\/media?parent=3483"}],"wp:term":[{"taxonomy":"product_brand","embeddable":true,"href":"https:\/\/joyeriafloral.com\/fr\/wp-json\/wp\/v2\/product_brand?post=3483"},{"taxonomy":"product_cat","embeddable":true,"href":"https:\/\/joyeriafloral.com\/fr\/wp-json\/wp\/v2\/product_cat?post=3483"},{"taxonomy":"product_tag","embeddable":true,"href":"https:\/\/joyeriafloral.com\/fr\/wp-json\/wp\/v2\/product_tag?post=3483"}],"curies":[{"name":"wp","href":"https:\/\/api.w.org\/{rel}","templated":true}]}}