{"id":4775,"date":"2023-06-12T18:31:33","date_gmt":"2023-06-12T18:31:33","guid":{"rendered":"https:\/\/joyeriafloral.com\/non class\u00e9\/pendentif-anna-brooms\/"},"modified":"2023-06-12T18:31:33","modified_gmt":"2023-06-12T18:31:33","slug":"pendentif-anna-brooms","status":"publish","type":"product","link":"https:\/\/joyeriafloral.com\/fr\/pendentifs\/pendentif-anna-brooms\/","title":{"rendered":"Pendentif Anna (Brooms)"},"content":{"rendered":"<p>Pendentif en argent plaqu\u00e9 or, avec des fleurs encapsul\u00e9es appel\u00e9es balais, caract\u00e9ris\u00e9es par leur forme ronde et minuscule.<\/p>\n<p>La turquoise est li\u00e9e \u00e0 la cr\u00e9ativit\u00e9, \u00e0 l&rsquo;amour, au calme, \u00e0 l&rsquo;intuition, \u00e0 la joie et \u00e0 la loyaut\u00e9.<\/p>\n<p><strong>Mesures :<\/strong><\/p>\n<p>38cm de longueur + 5cm d&rsquo;extension<\/p>\n<p>La pi\u00e8ce mesure 1,5 cm de diam\u00e8tre<\/p>\n<p><strong>Soins :<\/strong><\/p>\n<p>L&rsquo;argent est un m\u00e9tal tr\u00e8s mou, il est donc conseill\u00e9 de le traiter avec douceur. Je conseille de ne pas se doucher avec, ni d&rsquo;utiliser du parfum, de l&rsquo;eau de Cologne ou de la cr\u00e8me dessus car cela pourrait l&rsquo;endommager. Lorsqu&rsquo;il est plaqu\u00e9 or, l&rsquo;entretien doit \u00eatre plus minutieux car, avec le temps, il peut s&rsquo;alt\u00e9rer, perdre son \u00e9clat ou, \u00e0 terme, perdre sa couleur et devenir argent\u00e9. Cela d\u00e9pend \u00e9galement du pH de l&rsquo;individu.<\/p>\n<p>Pour l&rsquo;entretien de la r\u00e9sine et de la fleur, il est conseill\u00e9 de ne pas porter le bijou en cas de bain de soleil prolong\u00e9 et d&rsquo;\u00e9viter d&rsquo;appliquer des produits tels que de l&rsquo;eau de Cologne, des produits de nettoyage, des cr\u00e8mes, etc. sur le bijou.<\/p>\n<p>Le produit n&rsquo;est pas \u00e9chang\u00e9 en cas de casse ou de changement de couleur.<\/p>\n<p>&nbsp;<\/p>\n<p>*Tous les produits sont faits \u00e0 la main, c&rsquo;est pourquoi la forme de la fleur peut varier par rapport \u00e0 la photo.<\/p>\n<p>&nbsp;<\/p>\n","protected":false},"excerpt":{"rendered":"<p>Uniquement disponible en turquoise.<\/p>\n","protected":false},"featured_media":2718,"comment_status":"open","ping_status":"closed","template":"","meta":{"_acf_changed":false,"_joinchat":[]},"product_brand":[],"product_cat":[122,117],"product_tag":[],"class_list":{"0":"post-4775","1":"product","2":"type-product","3":"status-publish","4":"has-post-thumbnail","6":"product_cat-argent-massif","7":"product_cat-pendentifs","9":"first","10":"outofstock","11":"taxable","12":"shipping-taxable","13":"purchasable","14":"product-type-variable"},"acf":[],"yoast_head":"<!-- This site is optimized with the Yoast SEO plugin v27.3 - https:\/\/yoast.com\/product\/yoast-seo-wordpress\/ -->\n<title>Pendentif Anna (Brooms) - Joyer\u00eda floral<\/title>\n<meta name=\"robots\" content=\"index, follow, max-snippet:-1, max-image-preview:large, max-video-preview:-1\" \/>\n<link rel=\"canonical\" href=\"https:\/\/joyeriafloral.com\/fr\/pendentifs\/pendentif-anna-brooms\/\" \/>\n<meta property=\"og:locale\" content=\"fr_FR\" \/>\n<meta property=\"og:type\" content=\"article\" \/>\n<meta property=\"og:title\" content=\"Pendentif Anna (Brooms) - Joyer\u00eda floral\" \/>\n<meta property=\"og:description\" content=\"Uniquement disponible en turquoise.\" \/>\n<meta property=\"og:url\" content=\"https:\/\/joyeriafloral.com\/fr\/pendentifs\/pendentif-anna-brooms\/\" \/>\n<meta property=\"og:site_name\" content=\"Joyer\u00eda floral\" \/>\n<meta property=\"og:image\" content=\"https:\/\/joyeriafloral.com\/wp-content\/uploads\/2023\/06\/Nerea_artesana_joyas_RRSS_101-1.jpg\" \/>\n\t<meta property=\"og:image:width\" content=\"1080\" \/>\n\t<meta property=\"og:image:height\" content=\"720\" \/>\n\t<meta property=\"og:image:type\" content=\"image\/jpeg\" \/>\n<meta name=\"twitter:card\" content=\"summary_large_image\" \/>\n<meta name=\"twitter:label1\" content=\"Dur\u00e9e de lecture estim\u00e9e\" \/>\n\t<meta name=\"twitter:data1\" content=\"1 minute\" \/>\n<script type=\"application\/ld+json\" class=\"yoast-schema-graph\">{\"@context\":\"https:\\\/\\\/schema.org\",\"@graph\":[{\"@type\":\"WebPage\",\"@id\":\"https:\\\/\\\/joyeriafloral.com\\\/fr\\\/pendentifs\\\/pendentif-anna-brooms\\\/\",\"url\":\"https:\\\/\\\/joyeriafloral.com\\\/fr\\\/pendentifs\\\/pendentif-anna-brooms\\\/\",\"name\":\"Pendentif Anna (Brooms) - Joyer\u00eda floral\",\"isPartOf\":{\"@id\":\"https:\\\/\\\/joyeriafloral.com\\\/fr\\\/#website\"},\"primaryImageOfPage\":{\"@id\":\"https:\\\/\\\/joyeriafloral.com\\\/fr\\\/pendentifs\\\/pendentif-anna-brooms\\\/#primaryimage\"},\"image\":{\"@id\":\"https:\\\/\\\/joyeriafloral.com\\\/fr\\\/pendentifs\\\/pendentif-anna-brooms\\\/#primaryimage\"},\"thumbnailUrl\":\"https:\\\/\\\/joyeriafloral.com\\\/wp-content\\\/uploads\\\/2023\\\/06\\\/Nerea_artesana_joyas_RRSS_101-1.jpg\",\"datePublished\":\"2023-06-12T18:31:33+00:00\",\"breadcrumb\":{\"@id\":\"https:\\\/\\\/joyeriafloral.com\\\/fr\\\/pendentifs\\\/pendentif-anna-brooms\\\/#breadcrumb\"},\"inLanguage\":\"fr-FR\",\"potentialAction\":[{\"@type\":\"ReadAction\",\"target\":[\"https:\\\/\\\/joyeriafloral.com\\\/fr\\\/pendentifs\\\/pendentif-anna-brooms\\\/\"]}]},{\"@type\":\"ImageObject\",\"inLanguage\":\"fr-FR\",\"@id\":\"https:\\\/\\\/joyeriafloral.com\\\/fr\\\/pendentifs\\\/pendentif-anna-brooms\\\/#primaryimage\",\"url\":\"https:\\\/\\\/joyeriafloral.com\\\/wp-content\\\/uploads\\\/2023\\\/06\\\/Nerea_artesana_joyas_RRSS_101-1.jpg\",\"contentUrl\":\"https:\\\/\\\/joyeriafloral.com\\\/wp-content\\\/uploads\\\/2023\\\/06\\\/Nerea_artesana_joyas_RRSS_101-1.jpg\",\"width\":1080,\"height\":720},{\"@type\":\"BreadcrumbList\",\"@id\":\"https:\\\/\\\/joyeriafloral.com\\\/fr\\\/pendentifs\\\/pendentif-anna-brooms\\\/#breadcrumb\",\"itemListElement\":[{\"@type\":\"ListItem\",\"position\":1,\"name\":\"Inicio\",\"item\":\"https:\\\/\\\/joyeriafloral.com\\\/fr\\\/\"},{\"@type\":\"ListItem\",\"position\":2,\"name\":\"Tienda\",\"item\":\"https:\\\/\\\/joyeriafloral.com\\\/tienda\\\/\"},{\"@type\":\"ListItem\",\"position\":3,\"name\":\"Pendentif Anna (Brooms)\"}]},{\"@type\":\"WebSite\",\"@id\":\"https:\\\/\\\/joyeriafloral.com\\\/fr\\\/#website\",\"url\":\"https:\\\/\\\/joyeriafloral.com\\\/fr\\\/\",\"name\":\"Joyer\u00eda floral\",\"description\":\"ARTE-SANA\",\"publisher\":{\"@id\":\"https:\\\/\\\/joyeriafloral.com\\\/fr\\\/#\\\/schema\\\/person\\\/7b9d54dbd2334a9d717b19554ea5effe\"},\"potentialAction\":[{\"@type\":\"SearchAction\",\"target\":{\"@type\":\"EntryPoint\",\"urlTemplate\":\"https:\\\/\\\/joyeriafloral.com\\\/fr\\\/?s={search_term_string}\"},\"query-input\":{\"@type\":\"PropertyValueSpecification\",\"valueRequired\":true,\"valueName\":\"search_term_string\"}}],\"inLanguage\":\"fr-FR\"},{\"@type\":[\"Person\",\"Organization\"],\"@id\":\"https:\\\/\\\/joyeriafloral.com\\\/fr\\\/#\\\/schema\\\/person\\\/7b9d54dbd2334a9d717b19554ea5effe\",\"name\":\"nereartesana\",\"image\":{\"@type\":\"ImageObject\",\"inLanguage\":\"fr-FR\",\"@id\":\"https:\\\/\\\/joyeriafloral.com\\\/wp-content\\\/uploads\\\/2025\\\/03\\\/cropped-logotype_joyeriafloral.jpg\",\"url\":\"https:\\\/\\\/joyeriafloral.com\\\/wp-content\\\/uploads\\\/2025\\\/03\\\/cropped-logotype_joyeriafloral.jpg\",\"contentUrl\":\"https:\\\/\\\/joyeriafloral.com\\\/wp-content\\\/uploads\\\/2025\\\/03\\\/cropped-logotype_joyeriafloral.jpg\",\"width\":1598,\"height\":458,\"caption\":\"nereartesana\"},\"logo\":{\"@id\":\"https:\\\/\\\/joyeriafloral.com\\\/wp-content\\\/uploads\\\/2025\\\/03\\\/cropped-logotype_joyeriafloral.jpg\"}}]}<\/script>\n<!-- \/ Yoast SEO plugin. -->","yoast_head_json":{"title":"Pendentif Anna (Brooms) - Joyer\u00eda floral","robots":{"index":"index","follow":"follow","max-snippet":"max-snippet:-1","max-image-preview":"max-image-preview:large","max-video-preview":"max-video-preview:-1"},"canonical":"https:\/\/joyeriafloral.com\/fr\/pendentifs\/pendentif-anna-brooms\/","og_locale":"fr_FR","og_type":"article","og_title":"Pendentif Anna (Brooms) - Joyer\u00eda floral","og_description":"Uniquement disponible en turquoise.","og_url":"https:\/\/joyeriafloral.com\/fr\/pendentifs\/pendentif-anna-brooms\/","og_site_name":"Joyer\u00eda floral","og_image":[{"width":1080,"height":720,"url":"https:\/\/joyeriafloral.com\/wp-content\/uploads\/2023\/06\/Nerea_artesana_joyas_RRSS_101-1.jpg","type":"image\/jpeg"}],"twitter_card":"summary_large_image","twitter_misc":{"Dur\u00e9e de lecture estim\u00e9e":"1 minute"},"schema":{"@context":"https:\/\/schema.org","@graph":[{"@type":"WebPage","@id":"https:\/\/joyeriafloral.com\/fr\/pendentifs\/pendentif-anna-brooms\/","url":"https:\/\/joyeriafloral.com\/fr\/pendentifs\/pendentif-anna-brooms\/","name":"Pendentif Anna (Brooms) - Joyer\u00eda floral","isPartOf":{"@id":"https:\/\/joyeriafloral.com\/fr\/#website"},"primaryImageOfPage":{"@id":"https:\/\/joyeriafloral.com\/fr\/pendentifs\/pendentif-anna-brooms\/#primaryimage"},"image":{"@id":"https:\/\/joyeriafloral.com\/fr\/pendentifs\/pendentif-anna-brooms\/#primaryimage"},"thumbnailUrl":"https:\/\/joyeriafloral.com\/wp-content\/uploads\/2023\/06\/Nerea_artesana_joyas_RRSS_101-1.jpg","datePublished":"2023-06-12T18:31:33+00:00","breadcrumb":{"@id":"https:\/\/joyeriafloral.com\/fr\/pendentifs\/pendentif-anna-brooms\/#breadcrumb"},"inLanguage":"fr-FR","potentialAction":[{"@type":"ReadAction","target":["https:\/\/joyeriafloral.com\/fr\/pendentifs\/pendentif-anna-brooms\/"]}]},{"@type":"ImageObject","inLanguage":"fr-FR","@id":"https:\/\/joyeriafloral.com\/fr\/pendentifs\/pendentif-anna-brooms\/#primaryimage","url":"https:\/\/joyeriafloral.com\/wp-content\/uploads\/2023\/06\/Nerea_artesana_joyas_RRSS_101-1.jpg","contentUrl":"https:\/\/joyeriafloral.com\/wp-content\/uploads\/2023\/06\/Nerea_artesana_joyas_RRSS_101-1.jpg","width":1080,"height":720},{"@type":"BreadcrumbList","@id":"https:\/\/joyeriafloral.com\/fr\/pendentifs\/pendentif-anna-brooms\/#breadcrumb","itemListElement":[{"@type":"ListItem","position":1,"name":"Inicio","item":"https:\/\/joyeriafloral.com\/fr\/"},{"@type":"ListItem","position":2,"name":"Tienda","item":"https:\/\/joyeriafloral.com\/tienda\/"},{"@type":"ListItem","position":3,"name":"Pendentif Anna (Brooms)"}]},{"@type":"WebSite","@id":"https:\/\/joyeriafloral.com\/fr\/#website","url":"https:\/\/joyeriafloral.com\/fr\/","name":"Joyer\u00eda floral","description":"ARTE-SANA","publisher":{"@id":"https:\/\/joyeriafloral.com\/fr\/#\/schema\/person\/7b9d54dbd2334a9d717b19554ea5effe"},"potentialAction":[{"@type":"SearchAction","target":{"@type":"EntryPoint","urlTemplate":"https:\/\/joyeriafloral.com\/fr\/?s={search_term_string}"},"query-input":{"@type":"PropertyValueSpecification","valueRequired":true,"valueName":"search_term_string"}}],"inLanguage":"fr-FR"},{"@type":["Person","Organization"],"@id":"https:\/\/joyeriafloral.com\/fr\/#\/schema\/person\/7b9d54dbd2334a9d717b19554ea5effe","name":"nereartesana","image":{"@type":"ImageObject","inLanguage":"fr-FR","@id":"https:\/\/joyeriafloral.com\/wp-content\/uploads\/2025\/03\/cropped-logotype_joyeriafloral.jpg","url":"https:\/\/joyeriafloral.com\/wp-content\/uploads\/2025\/03\/cropped-logotype_joyeriafloral.jpg","contentUrl":"https:\/\/joyeriafloral.com\/wp-content\/uploads\/2025\/03\/cropped-logotype_joyeriafloral.jpg","width":1598,"height":458,"caption":"nereartesana"},"logo":{"@id":"https:\/\/joyeriafloral.com\/wp-content\/uploads\/2025\/03\/cropped-logotype_joyeriafloral.jpg"}}]}},"_links":{"self":[{"href":"https:\/\/joyeriafloral.com\/fr\/wp-json\/wp\/v2\/product\/4775","targetHints":{"allow":["GET"]}}],"collection":[{"href":"https:\/\/joyeriafloral.com\/fr\/wp-json\/wp\/v2\/product"}],"about":[{"href":"https:\/\/joyeriafloral.com\/fr\/wp-json\/wp\/v2\/types\/product"}],"replies":[{"embeddable":true,"href":"https:\/\/joyeriafloral.com\/fr\/wp-json\/wp\/v2\/comments?post=4775"}],"wp:featuredmedia":[{"embeddable":true,"href":"https:\/\/joyeriafloral.com\/fr\/wp-json\/wp\/v2\/media\/2718"}],"wp:attachment":[{"href":"https:\/\/joyeriafloral.com\/fr\/wp-json\/wp\/v2\/media?parent=4775"}],"wp:term":[{"taxonomy":"product_brand","embeddable":true,"href":"https:\/\/joyeriafloral.com\/fr\/wp-json\/wp\/v2\/product_brand?post=4775"},{"taxonomy":"product_cat","embeddable":true,"href":"https:\/\/joyeriafloral.com\/fr\/wp-json\/wp\/v2\/product_cat?post=4775"},{"taxonomy":"product_tag","embeddable":true,"href":"https:\/\/joyeriafloral.com\/fr\/wp-json\/wp\/v2\/product_tag?post=4775"}],"curies":[{"name":"wp","href":"https:\/\/api.w.org\/{rel}","templated":true}]}}