{"id":4956,"date":"2023-05-19T17:02:20","date_gmt":"2023-05-19T17:02:20","guid":{"rendered":"https:\/\/joyeriafloral.com\/non class\u00e9\/pendentif-noemi\/"},"modified":"2024-10-28T08:28:24","modified_gmt":"2024-10-28T08:28:24","slug":"pendentif-noemi","status":"publish","type":"product","link":"https:\/\/joyeriafloral.com\/fr\/pendentifs\/acier-inoxydable\/pendentif-noemi\/","title":{"rendered":"Pendentif Noemi"},"content":{"rendered":"<p>Pendentif en acier inoxydable.<\/p>\n<p>Ils sont encapsul\u00e9s dans la fleur de Paniculata.<\/p>\n<p>Cette fleur symbolise l&rsquo;innocence, le bonheur et la simplicit\u00e9.<\/p>\n<p>Soins :<\/p>\n<p>Le mat\u00e9riau est r\u00e9sistant \u00e0 l&rsquo;eau et les couleurs sont inalt\u00e9rables.<\/p>\n<p>Pour l&rsquo;entretien de la r\u00e9sine, il est conseill\u00e9 de ne pas exposer la pi\u00e8ce au soleil pendant de longues heures et, pour maintenir l&rsquo;\u00e9clat de l&rsquo;acier, d&rsquo;\u00e9viter tout contact avec des parfums ou d&rsquo;autres produits cosm\u00e9tiques.<\/p>\n<p>*Tous les produits sont faits \u00e0 la main, c&rsquo;est pourquoi la forme de la fleur peut varier par rapport \u00e0 la photo.<\/p>\n","protected":false},"excerpt":{"rendered":"<p>Pendentif en acier inoxydable. Ils sont encapsul\u00e9s dans la fleur de Paniculata. Cette fleur symbolise l&rsquo;innocence, le bonheur et la simplicit\u00e9. Soins : Le mat\u00e9riau est r\u00e9sistant \u00e0 l&rsquo;eau et les couleurs sont inalt\u00e9rables. Pour l&rsquo;entretien de la r\u00e9sine, il est conseill\u00e9 de ne pas exposer la pi\u00e8ce au soleil pendant de longues heures et, [&hellip;]<\/p>\n","protected":false},"featured_media":2586,"comment_status":"open","ping_status":"closed","template":"","meta":{"_acf_changed":false,"_joinchat":[]},"product_brand":[],"product_cat":[118,117],"product_tag":[],"class_list":{"0":"post-4956","1":"product","2":"type-product","3":"status-publish","4":"has-post-thumbnail","6":"product_cat-acier-inoxydable","7":"product_cat-pendentifs","9":"first","10":"instock","11":"taxable","12":"shipping-taxable","13":"purchasable","14":"product-type-variable"},"acf":[],"yoast_head":"<!-- This site is optimized with the Yoast SEO plugin v27.3 - https:\/\/yoast.com\/product\/yoast-seo-wordpress\/ -->\n<title>Pendentif Noemi - Joyer\u00eda floral<\/title>\n<meta name=\"robots\" content=\"index, follow, max-snippet:-1, max-image-preview:large, max-video-preview:-1\" \/>\n<link rel=\"canonical\" href=\"https:\/\/joyeriafloral.com\/fr\/pendentifs\/acier-inoxydable\/pendentif-noemi\/\" \/>\n<meta property=\"og:locale\" content=\"fr_FR\" \/>\n<meta property=\"og:type\" content=\"article\" \/>\n<meta property=\"og:title\" content=\"Pendentif Noemi - Joyer\u00eda floral\" \/>\n<meta property=\"og:description\" content=\"Pendentif en acier inoxydable. Ils sont encapsul\u00e9s dans la fleur de Paniculata. Cette fleur symbolise l&rsquo;innocence, le bonheur et la simplicit\u00e9. Soins : Le mat\u00e9riau est r\u00e9sistant \u00e0 l&rsquo;eau et les couleurs sont inalt\u00e9rables. Pour l&rsquo;entretien de la r\u00e9sine, il est conseill\u00e9 de ne pas exposer la pi\u00e8ce au soleil pendant de longues heures et, [&hellip;]\" \/>\n<meta property=\"og:url\" content=\"https:\/\/joyeriafloral.com\/fr\/pendentifs\/acier-inoxydable\/pendentif-noemi\/\" \/>\n<meta property=\"og:site_name\" content=\"Joyer\u00eda floral\" \/>\n<meta property=\"article:modified_time\" content=\"2024-10-28T08:28:24+00:00\" \/>\n<meta property=\"og:image\" content=\"https:\/\/joyeriafloral.com\/wp-content\/uploads\/2023\/05\/hexxagonal-medio.png\" \/>\n\t<meta property=\"og:image:width\" content=\"1000\" \/>\n\t<meta property=\"og:image:height\" content=\"1000\" \/>\n\t<meta property=\"og:image:type\" content=\"image\/png\" \/>\n<meta name=\"twitter:card\" content=\"summary_large_image\" \/>\n<script type=\"application\/ld+json\" class=\"yoast-schema-graph\">{\"@context\":\"https:\\\/\\\/schema.org\",\"@graph\":[{\"@type\":\"WebPage\",\"@id\":\"https:\\\/\\\/joyeriafloral.com\\\/fr\\\/pendentifs\\\/acier-inoxydable\\\/pendentif-noemi\\\/\",\"url\":\"https:\\\/\\\/joyeriafloral.com\\\/fr\\\/pendentifs\\\/acier-inoxydable\\\/pendentif-noemi\\\/\",\"name\":\"Pendentif Noemi - Joyer\u00eda floral\",\"isPartOf\":{\"@id\":\"https:\\\/\\\/joyeriafloral.com\\\/fr\\\/#website\"},\"primaryImageOfPage\":{\"@id\":\"https:\\\/\\\/joyeriafloral.com\\\/fr\\\/pendentifs\\\/acier-inoxydable\\\/pendentif-noemi\\\/#primaryimage\"},\"image\":{\"@id\":\"https:\\\/\\\/joyeriafloral.com\\\/fr\\\/pendentifs\\\/acier-inoxydable\\\/pendentif-noemi\\\/#primaryimage\"},\"thumbnailUrl\":\"https:\\\/\\\/joyeriafloral.com\\\/wp-content\\\/uploads\\\/2023\\\/05\\\/hexxagonal-medio.png\",\"datePublished\":\"2023-05-19T17:02:20+00:00\",\"dateModified\":\"2024-10-28T08:28:24+00:00\",\"breadcrumb\":{\"@id\":\"https:\\\/\\\/joyeriafloral.com\\\/fr\\\/pendentifs\\\/acier-inoxydable\\\/pendentif-noemi\\\/#breadcrumb\"},\"inLanguage\":\"fr-FR\",\"potentialAction\":[{\"@type\":\"ReadAction\",\"target\":[\"https:\\\/\\\/joyeriafloral.com\\\/fr\\\/pendentifs\\\/acier-inoxydable\\\/pendentif-noemi\\\/\"]}]},{\"@type\":\"ImageObject\",\"inLanguage\":\"fr-FR\",\"@id\":\"https:\\\/\\\/joyeriafloral.com\\\/fr\\\/pendentifs\\\/acier-inoxydable\\\/pendentif-noemi\\\/#primaryimage\",\"url\":\"https:\\\/\\\/joyeriafloral.com\\\/wp-content\\\/uploads\\\/2023\\\/05\\\/hexxagonal-medio.png\",\"contentUrl\":\"https:\\\/\\\/joyeriafloral.com\\\/wp-content\\\/uploads\\\/2023\\\/05\\\/hexxagonal-medio.png\",\"width\":1000,\"height\":1000},{\"@type\":\"BreadcrumbList\",\"@id\":\"https:\\\/\\\/joyeriafloral.com\\\/fr\\\/pendentifs\\\/acier-inoxydable\\\/pendentif-noemi\\\/#breadcrumb\",\"itemListElement\":[{\"@type\":\"ListItem\",\"position\":1,\"name\":\"Inicio\",\"item\":\"https:\\\/\\\/joyeriafloral.com\\\/fr\\\/\"},{\"@type\":\"ListItem\",\"position\":2,\"name\":\"Tienda\",\"item\":\"https:\\\/\\\/joyeriafloral.com\\\/tienda\\\/\"},{\"@type\":\"ListItem\",\"position\":3,\"name\":\"Pendentif Noemi\"}]},{\"@type\":\"WebSite\",\"@id\":\"https:\\\/\\\/joyeriafloral.com\\\/fr\\\/#website\",\"url\":\"https:\\\/\\\/joyeriafloral.com\\\/fr\\\/\",\"name\":\"Joyer\u00eda floral\",\"description\":\"ARTE-SANA\",\"publisher\":{\"@id\":\"https:\\\/\\\/joyeriafloral.com\\\/fr\\\/#\\\/schema\\\/person\\\/7b9d54dbd2334a9d717b19554ea5effe\"},\"potentialAction\":[{\"@type\":\"SearchAction\",\"target\":{\"@type\":\"EntryPoint\",\"urlTemplate\":\"https:\\\/\\\/joyeriafloral.com\\\/fr\\\/?s={search_term_string}\"},\"query-input\":{\"@type\":\"PropertyValueSpecification\",\"valueRequired\":true,\"valueName\":\"search_term_string\"}}],\"inLanguage\":\"fr-FR\"},{\"@type\":[\"Person\",\"Organization\"],\"@id\":\"https:\\\/\\\/joyeriafloral.com\\\/fr\\\/#\\\/schema\\\/person\\\/7b9d54dbd2334a9d717b19554ea5effe\",\"name\":\"nereartesana\",\"image\":{\"@type\":\"ImageObject\",\"inLanguage\":\"fr-FR\",\"@id\":\"https:\\\/\\\/joyeriafloral.com\\\/wp-content\\\/uploads\\\/2025\\\/03\\\/cropped-logotype_joyeriafloral.jpg\",\"url\":\"https:\\\/\\\/joyeriafloral.com\\\/wp-content\\\/uploads\\\/2025\\\/03\\\/cropped-logotype_joyeriafloral.jpg\",\"contentUrl\":\"https:\\\/\\\/joyeriafloral.com\\\/wp-content\\\/uploads\\\/2025\\\/03\\\/cropped-logotype_joyeriafloral.jpg\",\"width\":1598,\"height\":458,\"caption\":\"nereartesana\"},\"logo\":{\"@id\":\"https:\\\/\\\/joyeriafloral.com\\\/wp-content\\\/uploads\\\/2025\\\/03\\\/cropped-logotype_joyeriafloral.jpg\"}}]}<\/script>\n<!-- \/ Yoast SEO plugin. -->","yoast_head_json":{"title":"Pendentif Noemi - Joyer\u00eda floral","robots":{"index":"index","follow":"follow","max-snippet":"max-snippet:-1","max-image-preview":"max-image-preview:large","max-video-preview":"max-video-preview:-1"},"canonical":"https:\/\/joyeriafloral.com\/fr\/pendentifs\/acier-inoxydable\/pendentif-noemi\/","og_locale":"fr_FR","og_type":"article","og_title":"Pendentif Noemi - Joyer\u00eda floral","og_description":"Pendentif en acier inoxydable. Ils sont encapsul\u00e9s dans la fleur de Paniculata. Cette fleur symbolise l&rsquo;innocence, le bonheur et la simplicit\u00e9. Soins : Le mat\u00e9riau est r\u00e9sistant \u00e0 l&rsquo;eau et les couleurs sont inalt\u00e9rables. Pour l&rsquo;entretien de la r\u00e9sine, il est conseill\u00e9 de ne pas exposer la pi\u00e8ce au soleil pendant de longues heures et, [&hellip;]","og_url":"https:\/\/joyeriafloral.com\/fr\/pendentifs\/acier-inoxydable\/pendentif-noemi\/","og_site_name":"Joyer\u00eda floral","article_modified_time":"2024-10-28T08:28:24+00:00","og_image":[{"width":1000,"height":1000,"url":"https:\/\/joyeriafloral.com\/wp-content\/uploads\/2023\/05\/hexxagonal-medio.png","type":"image\/png"}],"twitter_card":"summary_large_image","schema":{"@context":"https:\/\/schema.org","@graph":[{"@type":"WebPage","@id":"https:\/\/joyeriafloral.com\/fr\/pendentifs\/acier-inoxydable\/pendentif-noemi\/","url":"https:\/\/joyeriafloral.com\/fr\/pendentifs\/acier-inoxydable\/pendentif-noemi\/","name":"Pendentif Noemi - Joyer\u00eda floral","isPartOf":{"@id":"https:\/\/joyeriafloral.com\/fr\/#website"},"primaryImageOfPage":{"@id":"https:\/\/joyeriafloral.com\/fr\/pendentifs\/acier-inoxydable\/pendentif-noemi\/#primaryimage"},"image":{"@id":"https:\/\/joyeriafloral.com\/fr\/pendentifs\/acier-inoxydable\/pendentif-noemi\/#primaryimage"},"thumbnailUrl":"https:\/\/joyeriafloral.com\/wp-content\/uploads\/2023\/05\/hexxagonal-medio.png","datePublished":"2023-05-19T17:02:20+00:00","dateModified":"2024-10-28T08:28:24+00:00","breadcrumb":{"@id":"https:\/\/joyeriafloral.com\/fr\/pendentifs\/acier-inoxydable\/pendentif-noemi\/#breadcrumb"},"inLanguage":"fr-FR","potentialAction":[{"@type":"ReadAction","target":["https:\/\/joyeriafloral.com\/fr\/pendentifs\/acier-inoxydable\/pendentif-noemi\/"]}]},{"@type":"ImageObject","inLanguage":"fr-FR","@id":"https:\/\/joyeriafloral.com\/fr\/pendentifs\/acier-inoxydable\/pendentif-noemi\/#primaryimage","url":"https:\/\/joyeriafloral.com\/wp-content\/uploads\/2023\/05\/hexxagonal-medio.png","contentUrl":"https:\/\/joyeriafloral.com\/wp-content\/uploads\/2023\/05\/hexxagonal-medio.png","width":1000,"height":1000},{"@type":"BreadcrumbList","@id":"https:\/\/joyeriafloral.com\/fr\/pendentifs\/acier-inoxydable\/pendentif-noemi\/#breadcrumb","itemListElement":[{"@type":"ListItem","position":1,"name":"Inicio","item":"https:\/\/joyeriafloral.com\/fr\/"},{"@type":"ListItem","position":2,"name":"Tienda","item":"https:\/\/joyeriafloral.com\/tienda\/"},{"@type":"ListItem","position":3,"name":"Pendentif Noemi"}]},{"@type":"WebSite","@id":"https:\/\/joyeriafloral.com\/fr\/#website","url":"https:\/\/joyeriafloral.com\/fr\/","name":"Joyer\u00eda floral","description":"ARTE-SANA","publisher":{"@id":"https:\/\/joyeriafloral.com\/fr\/#\/schema\/person\/7b9d54dbd2334a9d717b19554ea5effe"},"potentialAction":[{"@type":"SearchAction","target":{"@type":"EntryPoint","urlTemplate":"https:\/\/joyeriafloral.com\/fr\/?s={search_term_string}"},"query-input":{"@type":"PropertyValueSpecification","valueRequired":true,"valueName":"search_term_string"}}],"inLanguage":"fr-FR"},{"@type":["Person","Organization"],"@id":"https:\/\/joyeriafloral.com\/fr\/#\/schema\/person\/7b9d54dbd2334a9d717b19554ea5effe","name":"nereartesana","image":{"@type":"ImageObject","inLanguage":"fr-FR","@id":"https:\/\/joyeriafloral.com\/wp-content\/uploads\/2025\/03\/cropped-logotype_joyeriafloral.jpg","url":"https:\/\/joyeriafloral.com\/wp-content\/uploads\/2025\/03\/cropped-logotype_joyeriafloral.jpg","contentUrl":"https:\/\/joyeriafloral.com\/wp-content\/uploads\/2025\/03\/cropped-logotype_joyeriafloral.jpg","width":1598,"height":458,"caption":"nereartesana"},"logo":{"@id":"https:\/\/joyeriafloral.com\/wp-content\/uploads\/2025\/03\/cropped-logotype_joyeriafloral.jpg"}}]}},"_links":{"self":[{"href":"https:\/\/joyeriafloral.com\/fr\/wp-json\/wp\/v2\/product\/4956","targetHints":{"allow":["GET"]}}],"collection":[{"href":"https:\/\/joyeriafloral.com\/fr\/wp-json\/wp\/v2\/product"}],"about":[{"href":"https:\/\/joyeriafloral.com\/fr\/wp-json\/wp\/v2\/types\/product"}],"replies":[{"embeddable":true,"href":"https:\/\/joyeriafloral.com\/fr\/wp-json\/wp\/v2\/comments?post=4956"}],"wp:featuredmedia":[{"embeddable":true,"href":"https:\/\/joyeriafloral.com\/fr\/wp-json\/wp\/v2\/media\/2586"}],"wp:attachment":[{"href":"https:\/\/joyeriafloral.com\/fr\/wp-json\/wp\/v2\/media?parent=4956"}],"wp:term":[{"taxonomy":"product_brand","embeddable":true,"href":"https:\/\/joyeriafloral.com\/fr\/wp-json\/wp\/v2\/product_brand?post=4956"},{"taxonomy":"product_cat","embeddable":true,"href":"https:\/\/joyeriafloral.com\/fr\/wp-json\/wp\/v2\/product_cat?post=4956"},{"taxonomy":"product_tag","embeddable":true,"href":"https:\/\/joyeriafloral.com\/fr\/wp-json\/wp\/v2\/product_tag?post=4956"}],"curies":[{"name":"wp","href":"https:\/\/api.w.org\/{rel}","templated":true}]}}