{"id":5668,"date":"2024-10-26T15:03:38","date_gmt":"2024-10-26T15:03:38","guid":{"rendered":"https:\/\/joyeriafloral.com\/non%20class\u00e9\/colgante-petalos-de-hortensias\/"},"modified":"2025-05-27T05:05:04","modified_gmt":"2025-05-27T05:05:04","slug":"colgante-petalos-de-hortensias","status":"publish","type":"product","link":"https:\/\/joyeriafloral.com\/fr\/pendentifs\/colgante-petalos-de-hortensias\/","title":{"rendered":"Colgante p\u00e9talos de hortensias."},"content":{"rendered":"<p><span class=\"\">D\u00e9jate envolver por la delicadeza y la sofisticaci\u00f3n con nuestro colgante de plata de ley, adornado con p\u00e9talos de hortensias.<\/span><\/p>\n<p><span class=\"\">\ud83d\udccf <strong>Dimensiones<\/strong>:<\/span><\/p>\n<ul class=\"relative list-outside marker:text-foreground-750 dark:marker:text-foreground-600 flex flex-col ms-4 px-1\">\n<li class=\"ps-2\"><span class=\"\">Cadena: 40 cm con una extensi\u00f3n adicional de 5 cm para un ajuste personalizado.<\/span><\/li>\n<li class=\"ps-2\"><span class=\"\">Pieza central: adornada con p\u00e9talos de hortensia, un toque de elegancia natural.<\/span><\/li>\n<\/ul>\n<p><span class=\"\">\u2728 <strong>Cuidado de tu joya<\/strong>: Para mantener tu colgante en su m\u00e1ximo esplendor:<\/span><\/p>\n<ol class=\"relative list-outside marker:text-foreground-750 dark:marker:text-foreground-600 flex flex-col ms-5 marker:normal-nums marker:text-sm-strong\" start=\"1\">\n<li class=\"ps-2\"><span class=\"\"><strong>Limpieza regular<\/strong>: Usa un pa\u00f1o suave para frotar delicadamente la superficie y eliminar el polvo y las huellas dactilares<\/span><\/li>\n<li class=\"ps-2\"><span class=\"\"><strong>Almacenamiento adecuado<\/strong>: Guarda tu colgante en una bolsita de tela o caja de joyer\u00eda, lejos de la humedad y la luz directa.<\/span><\/li>\n<li class=\"ps-2\"><span class=\"\"><strong>Evitar qu\u00edmicos<\/strong>: Mant\u00e9n tu colgante alejado de productos qu\u00edmicos como perfumes, cremas y cloro para evitar manchas y decoloraci\u00f3n.<\/span><\/li>\n<\/ol>\n<p><span class=\"\">Este colgante no solo es una joya, sino una declaraci\u00f3n de amor por la naturaleza. \ud83c\udf3f<\/span><\/p>\n","protected":false},"excerpt":{"rendered":"<p>D\u00e9jate envolver por la delicadeza y la sofisticaci\u00f3n con nuestro colgante de plata de ley, adornado con p\u00e9talos de hortensias. \ud83d\udccf Dimensiones: Cadena: 40 cm con una extensi\u00f3n adicional de 5 cm para un ajuste personalizado. Pieza central: adornada con p\u00e9talos de hortensia, un toque de elegancia natural. \u2728 Cuidado de tu joya: Para mantener [&hellip;]<\/p>\n","protected":false},"featured_media":5649,"comment_status":"open","ping_status":"closed","template":"","meta":{"_acf_changed":false,"_joinchat":[]},"product_brand":[],"product_cat":[124,122,117],"product_tag":[],"class_list":{"0":"post-5668","1":"product","2":"type-product","3":"status-publish","4":"has-post-thumbnail","6":"product_cat-actualites","7":"product_cat-argent-massif","8":"product_cat-pendentifs","10":"first","11":"instock","12":"taxable","13":"shipping-taxable","14":"purchasable","15":"product-type-variable"},"acf":[],"yoast_head":"<!-- This site is optimized with the Yoast SEO plugin v27.3 - https:\/\/yoast.com\/product\/yoast-seo-wordpress\/ -->\n<title>Colgante p\u00e9talos de hortensias. - Joyer\u00eda floral<\/title>\n<meta name=\"robots\" content=\"index, follow, max-snippet:-1, max-image-preview:large, max-video-preview:-1\" \/>\n<link rel=\"canonical\" href=\"https:\/\/joyeriafloral.com\/fr\/pendentifs\/colgante-petalos-de-hortensias\/\" \/>\n<meta property=\"og:locale\" content=\"fr_FR\" \/>\n<meta property=\"og:type\" content=\"article\" \/>\n<meta property=\"og:title\" content=\"Colgante p\u00e9talos de hortensias. - Joyer\u00eda floral\" \/>\n<meta property=\"og:description\" content=\"D\u00e9jate envolver por la delicadeza y la sofisticaci\u00f3n con nuestro colgante de plata de ley, adornado con p\u00e9talos de hortensias. \ud83d\udccf Dimensiones: Cadena: 40 cm con una extensi\u00f3n adicional de 5 cm para un ajuste personalizado. Pieza central: adornada con p\u00e9talos de hortensia, un toque de elegancia natural. \u2728 Cuidado de tu joya: Para mantener [&hellip;]\" \/>\n<meta property=\"og:url\" content=\"https:\/\/joyeriafloral.com\/fr\/pendentifs\/colgante-petalos-de-hortensias\/\" \/>\n<meta property=\"og:site_name\" content=\"Joyer\u00eda floral\" \/>\n<meta property=\"article:modified_time\" content=\"2025-05-27T05:05:04+00:00\" \/>\n<meta property=\"og:image\" content=\"https:\/\/joyeriafloral.com\/wp-content\/uploads\/2024\/10\/WhatsApp-Image-2024-10-17-at-12.06.24.jpeg\" \/>\n\t<meta property=\"og:image:width\" content=\"1080\" \/>\n\t<meta property=\"og:image:height\" content=\"1350\" \/>\n\t<meta property=\"og:image:type\" content=\"image\/jpeg\" \/>\n<meta name=\"twitter:card\" content=\"summary_large_image\" \/>\n<meta name=\"twitter:label1\" content=\"Dur\u00e9e de lecture estim\u00e9e\" \/>\n\t<meta name=\"twitter:data1\" content=\"1 minute\" \/>\n<script type=\"application\/ld+json\" class=\"yoast-schema-graph\">{\"@context\":\"https:\\\/\\\/schema.org\",\"@graph\":[{\"@type\":\"WebPage\",\"@id\":\"https:\\\/\\\/joyeriafloral.com\\\/fr\\\/pendentifs\\\/colgante-petalos-de-hortensias\\\/\",\"url\":\"https:\\\/\\\/joyeriafloral.com\\\/fr\\\/pendentifs\\\/colgante-petalos-de-hortensias\\\/\",\"name\":\"Colgante p\u00e9talos de hortensias. - Joyer\u00eda floral\",\"isPartOf\":{\"@id\":\"https:\\\/\\\/joyeriafloral.com\\\/fr\\\/#website\"},\"primaryImageOfPage\":{\"@id\":\"https:\\\/\\\/joyeriafloral.com\\\/fr\\\/pendentifs\\\/colgante-petalos-de-hortensias\\\/#primaryimage\"},\"image\":{\"@id\":\"https:\\\/\\\/joyeriafloral.com\\\/fr\\\/pendentifs\\\/colgante-petalos-de-hortensias\\\/#primaryimage\"},\"thumbnailUrl\":\"https:\\\/\\\/joyeriafloral.com\\\/wp-content\\\/uploads\\\/2024\\\/10\\\/WhatsApp-Image-2024-10-17-at-12.06.24.jpeg\",\"datePublished\":\"2024-10-26T15:03:38+00:00\",\"dateModified\":\"2025-05-27T05:05:04+00:00\",\"breadcrumb\":{\"@id\":\"https:\\\/\\\/joyeriafloral.com\\\/fr\\\/pendentifs\\\/colgante-petalos-de-hortensias\\\/#breadcrumb\"},\"inLanguage\":\"fr-FR\",\"potentialAction\":[{\"@type\":\"ReadAction\",\"target\":[\"https:\\\/\\\/joyeriafloral.com\\\/fr\\\/pendentifs\\\/colgante-petalos-de-hortensias\\\/\"]}]},{\"@type\":\"ImageObject\",\"inLanguage\":\"fr-FR\",\"@id\":\"https:\\\/\\\/joyeriafloral.com\\\/fr\\\/pendentifs\\\/colgante-petalos-de-hortensias\\\/#primaryimage\",\"url\":\"https:\\\/\\\/joyeriafloral.com\\\/wp-content\\\/uploads\\\/2024\\\/10\\\/WhatsApp-Image-2024-10-17-at-12.06.24.jpeg\",\"contentUrl\":\"https:\\\/\\\/joyeriafloral.com\\\/wp-content\\\/uploads\\\/2024\\\/10\\\/WhatsApp-Image-2024-10-17-at-12.06.24.jpeg\",\"width\":1080,\"height\":1350},{\"@type\":\"BreadcrumbList\",\"@id\":\"https:\\\/\\\/joyeriafloral.com\\\/fr\\\/pendentifs\\\/colgante-petalos-de-hortensias\\\/#breadcrumb\",\"itemListElement\":[{\"@type\":\"ListItem\",\"position\":1,\"name\":\"Inicio\",\"item\":\"https:\\\/\\\/joyeriafloral.com\\\/fr\\\/\"},{\"@type\":\"ListItem\",\"position\":2,\"name\":\"Tienda\",\"item\":\"https:\\\/\\\/joyeriafloral.com\\\/tienda\\\/\"},{\"@type\":\"ListItem\",\"position\":3,\"name\":\"Colgante p\u00e9talos de hortensias.\"}]},{\"@type\":\"WebSite\",\"@id\":\"https:\\\/\\\/joyeriafloral.com\\\/fr\\\/#website\",\"url\":\"https:\\\/\\\/joyeriafloral.com\\\/fr\\\/\",\"name\":\"Joyer\u00eda floral\",\"description\":\"ARTE-SANA\",\"publisher\":{\"@id\":\"https:\\\/\\\/joyeriafloral.com\\\/fr\\\/#\\\/schema\\\/person\\\/7b9d54dbd2334a9d717b19554ea5effe\"},\"potentialAction\":[{\"@type\":\"SearchAction\",\"target\":{\"@type\":\"EntryPoint\",\"urlTemplate\":\"https:\\\/\\\/joyeriafloral.com\\\/fr\\\/?s={search_term_string}\"},\"query-input\":{\"@type\":\"PropertyValueSpecification\",\"valueRequired\":true,\"valueName\":\"search_term_string\"}}],\"inLanguage\":\"fr-FR\"},{\"@type\":[\"Person\",\"Organization\"],\"@id\":\"https:\\\/\\\/joyeriafloral.com\\\/fr\\\/#\\\/schema\\\/person\\\/7b9d54dbd2334a9d717b19554ea5effe\",\"name\":\"nereartesana\",\"image\":{\"@type\":\"ImageObject\",\"inLanguage\":\"fr-FR\",\"@id\":\"https:\\\/\\\/joyeriafloral.com\\\/wp-content\\\/uploads\\\/2025\\\/03\\\/cropped-logotype_joyeriafloral.jpg\",\"url\":\"https:\\\/\\\/joyeriafloral.com\\\/wp-content\\\/uploads\\\/2025\\\/03\\\/cropped-logotype_joyeriafloral.jpg\",\"contentUrl\":\"https:\\\/\\\/joyeriafloral.com\\\/wp-content\\\/uploads\\\/2025\\\/03\\\/cropped-logotype_joyeriafloral.jpg\",\"width\":1598,\"height\":458,\"caption\":\"nereartesana\"},\"logo\":{\"@id\":\"https:\\\/\\\/joyeriafloral.com\\\/wp-content\\\/uploads\\\/2025\\\/03\\\/cropped-logotype_joyeriafloral.jpg\"}}]}<\/script>\n<!-- \/ Yoast SEO plugin. -->","yoast_head_json":{"title":"Colgante p\u00e9talos de hortensias. - Joyer\u00eda floral","robots":{"index":"index","follow":"follow","max-snippet":"max-snippet:-1","max-image-preview":"max-image-preview:large","max-video-preview":"max-video-preview:-1"},"canonical":"https:\/\/joyeriafloral.com\/fr\/pendentifs\/colgante-petalos-de-hortensias\/","og_locale":"fr_FR","og_type":"article","og_title":"Colgante p\u00e9talos de hortensias. - Joyer\u00eda floral","og_description":"D\u00e9jate envolver por la delicadeza y la sofisticaci\u00f3n con nuestro colgante de plata de ley, adornado con p\u00e9talos de hortensias. \ud83d\udccf Dimensiones: Cadena: 40 cm con una extensi\u00f3n adicional de 5 cm para un ajuste personalizado. Pieza central: adornada con p\u00e9talos de hortensia, un toque de elegancia natural. \u2728 Cuidado de tu joya: Para mantener [&hellip;]","og_url":"https:\/\/joyeriafloral.com\/fr\/pendentifs\/colgante-petalos-de-hortensias\/","og_site_name":"Joyer\u00eda floral","article_modified_time":"2025-05-27T05:05:04+00:00","og_image":[{"width":1080,"height":1350,"url":"https:\/\/joyeriafloral.com\/wp-content\/uploads\/2024\/10\/WhatsApp-Image-2024-10-17-at-12.06.24.jpeg","type":"image\/jpeg"}],"twitter_card":"summary_large_image","twitter_misc":{"Dur\u00e9e de lecture estim\u00e9e":"1 minute"},"schema":{"@context":"https:\/\/schema.org","@graph":[{"@type":"WebPage","@id":"https:\/\/joyeriafloral.com\/fr\/pendentifs\/colgante-petalos-de-hortensias\/","url":"https:\/\/joyeriafloral.com\/fr\/pendentifs\/colgante-petalos-de-hortensias\/","name":"Colgante p\u00e9talos de hortensias. - Joyer\u00eda floral","isPartOf":{"@id":"https:\/\/joyeriafloral.com\/fr\/#website"},"primaryImageOfPage":{"@id":"https:\/\/joyeriafloral.com\/fr\/pendentifs\/colgante-petalos-de-hortensias\/#primaryimage"},"image":{"@id":"https:\/\/joyeriafloral.com\/fr\/pendentifs\/colgante-petalos-de-hortensias\/#primaryimage"},"thumbnailUrl":"https:\/\/joyeriafloral.com\/wp-content\/uploads\/2024\/10\/WhatsApp-Image-2024-10-17-at-12.06.24.jpeg","datePublished":"2024-10-26T15:03:38+00:00","dateModified":"2025-05-27T05:05:04+00:00","breadcrumb":{"@id":"https:\/\/joyeriafloral.com\/fr\/pendentifs\/colgante-petalos-de-hortensias\/#breadcrumb"},"inLanguage":"fr-FR","potentialAction":[{"@type":"ReadAction","target":["https:\/\/joyeriafloral.com\/fr\/pendentifs\/colgante-petalos-de-hortensias\/"]}]},{"@type":"ImageObject","inLanguage":"fr-FR","@id":"https:\/\/joyeriafloral.com\/fr\/pendentifs\/colgante-petalos-de-hortensias\/#primaryimage","url":"https:\/\/joyeriafloral.com\/wp-content\/uploads\/2024\/10\/WhatsApp-Image-2024-10-17-at-12.06.24.jpeg","contentUrl":"https:\/\/joyeriafloral.com\/wp-content\/uploads\/2024\/10\/WhatsApp-Image-2024-10-17-at-12.06.24.jpeg","width":1080,"height":1350},{"@type":"BreadcrumbList","@id":"https:\/\/joyeriafloral.com\/fr\/pendentifs\/colgante-petalos-de-hortensias\/#breadcrumb","itemListElement":[{"@type":"ListItem","position":1,"name":"Inicio","item":"https:\/\/joyeriafloral.com\/fr\/"},{"@type":"ListItem","position":2,"name":"Tienda","item":"https:\/\/joyeriafloral.com\/tienda\/"},{"@type":"ListItem","position":3,"name":"Colgante p\u00e9talos de hortensias."}]},{"@type":"WebSite","@id":"https:\/\/joyeriafloral.com\/fr\/#website","url":"https:\/\/joyeriafloral.com\/fr\/","name":"Joyer\u00eda floral","description":"ARTE-SANA","publisher":{"@id":"https:\/\/joyeriafloral.com\/fr\/#\/schema\/person\/7b9d54dbd2334a9d717b19554ea5effe"},"potentialAction":[{"@type":"SearchAction","target":{"@type":"EntryPoint","urlTemplate":"https:\/\/joyeriafloral.com\/fr\/?s={search_term_string}"},"query-input":{"@type":"PropertyValueSpecification","valueRequired":true,"valueName":"search_term_string"}}],"inLanguage":"fr-FR"},{"@type":["Person","Organization"],"@id":"https:\/\/joyeriafloral.com\/fr\/#\/schema\/person\/7b9d54dbd2334a9d717b19554ea5effe","name":"nereartesana","image":{"@type":"ImageObject","inLanguage":"fr-FR","@id":"https:\/\/joyeriafloral.com\/wp-content\/uploads\/2025\/03\/cropped-logotype_joyeriafloral.jpg","url":"https:\/\/joyeriafloral.com\/wp-content\/uploads\/2025\/03\/cropped-logotype_joyeriafloral.jpg","contentUrl":"https:\/\/joyeriafloral.com\/wp-content\/uploads\/2025\/03\/cropped-logotype_joyeriafloral.jpg","width":1598,"height":458,"caption":"nereartesana"},"logo":{"@id":"https:\/\/joyeriafloral.com\/wp-content\/uploads\/2025\/03\/cropped-logotype_joyeriafloral.jpg"}}]}},"_links":{"self":[{"href":"https:\/\/joyeriafloral.com\/fr\/wp-json\/wp\/v2\/product\/5668","targetHints":{"allow":["GET"]}}],"collection":[{"href":"https:\/\/joyeriafloral.com\/fr\/wp-json\/wp\/v2\/product"}],"about":[{"href":"https:\/\/joyeriafloral.com\/fr\/wp-json\/wp\/v2\/types\/product"}],"replies":[{"embeddable":true,"href":"https:\/\/joyeriafloral.com\/fr\/wp-json\/wp\/v2\/comments?post=5668"}],"wp:featuredmedia":[{"embeddable":true,"href":"https:\/\/joyeriafloral.com\/fr\/wp-json\/wp\/v2\/media\/5649"}],"wp:attachment":[{"href":"https:\/\/joyeriafloral.com\/fr\/wp-json\/wp\/v2\/media?parent=5668"}],"wp:term":[{"taxonomy":"product_brand","embeddable":true,"href":"https:\/\/joyeriafloral.com\/fr\/wp-json\/wp\/v2\/product_brand?post=5668"},{"taxonomy":"product_cat","embeddable":true,"href":"https:\/\/joyeriafloral.com\/fr\/wp-json\/wp\/v2\/product_cat?post=5668"},{"taxonomy":"product_tag","embeddable":true,"href":"https:\/\/joyeriafloral.com\/fr\/wp-json\/wp\/v2\/product_tag?post=5668"}],"curies":[{"name":"wp","href":"https:\/\/api.w.org\/{rel}","templated":true}]}}