{"id":5917,"date":"2024-11-19T13:19:23","date_gmt":"2024-11-19T13:19:23","guid":{"rendered":"https:\/\/joyeriafloral.com\/non%20class\u00e9\/anillo-gota-en-laton\/"},"modified":"2025-07-24T20:36:37","modified_gmt":"2025-07-24T20:36:37","slug":"anillo-gota-en-laton","status":"publish","type":"product","link":"https:\/\/joyeriafloral.com\/fr\/bagues-et-bracelets\/anillo-gota-en-laton\/","title":{"rendered":"Anillo gota en lat\u00f3n"},"content":{"rendered":"<p>Nuestro anillo de lat\u00f3n crudo encapsula una delicada flor silvestre, combinando elegancia r\u00fastica con un toque de la naturaleza. Este anillo es ajustable y la pieza que contiene la flor mide 6&#215;4 mm, garantizando un ajuste perfecto y un detalle \u00fanico.<\/p>\n<p>\u2728 <strong>Cuidados para tu anillo de lat\u00f3n<\/strong>:<\/p>\n<ol start=\"1\">\n<li><strong>Limpieza regular<\/strong>: Usa un pa\u00f1o suave y seco para limpiar la superficie y eliminar cualquier residuo.<\/li>\n<li><strong>Evitar la humedad<\/strong>: Mant\u00e9n el anillo alejado del agua y de ambientes h\u00famedos para prevenir la oxidaci\u00f3n.<\/li>\n<li><strong>Productos de limpieza caseros<\/strong>: Si el anillo comienza a oscurecerse, puedes limpiarlo con una mezcla de jugo de lim\u00f3n y sal. Aplica la mezcla, frota suavemente y luego enjuaga y seca bien.<\/li>\n<li><strong>Almacenamiento adecuado<\/strong>: Guarda el anillo en un lugar seco, preferiblemente en una bolsa de tela o una caja de joyer\u00eda, para protegerlo de los elementos y evitar rasgu\u00f1os.<\/li>\n<\/ol>\n","protected":false},"excerpt":{"rendered":"<p>Anillo de lat\u00f3n.<\/p>\n","protected":false},"featured_media":5915,"comment_status":"open","ping_status":"closed","template":"","meta":{"_acf_changed":false,"_joinchat":[]},"product_brand":[],"product_cat":[114],"product_tag":[],"class_list":{"0":"post-5917","1":"product","2":"type-product","3":"status-publish","4":"has-post-thumbnail","6":"product_cat-bagues-et-bracelets","8":"first","9":"instock","10":"taxable","11":"shipping-taxable","12":"purchasable","13":"product-type-simple"},"acf":[],"yoast_head":"<!-- This site is optimized with the Yoast SEO plugin v27.3 - https:\/\/yoast.com\/product\/yoast-seo-wordpress\/ -->\n<title>Anillo gota en lat\u00f3n - Joyer\u00eda floral<\/title>\n<meta name=\"robots\" content=\"index, follow, max-snippet:-1, max-image-preview:large, max-video-preview:-1\" \/>\n<link rel=\"canonical\" href=\"https:\/\/joyeriafloral.com\/fr\/bagues-et-bracelets\/anillo-gota-en-laton\/\" \/>\n<meta property=\"og:locale\" content=\"fr_FR\" \/>\n<meta property=\"og:type\" content=\"article\" \/>\n<meta property=\"og:title\" content=\"Anillo gota en lat\u00f3n - Joyer\u00eda floral\" \/>\n<meta property=\"og:description\" content=\"Anillo de lat\u00f3n.\" \/>\n<meta property=\"og:url\" content=\"https:\/\/joyeriafloral.com\/fr\/bagues-et-bracelets\/anillo-gota-en-laton\/\" \/>\n<meta property=\"og:site_name\" content=\"Joyer\u00eda floral\" \/>\n<meta property=\"article:modified_time\" content=\"2025-07-24T20:36:37+00:00\" \/>\n<meta property=\"og:image\" content=\"https:\/\/joyeriafloral.com\/wp-content\/uploads\/2024\/11\/WhatsApp-Image-2024-11-19-at-14.00.403.jpeg\" \/>\n\t<meta property=\"og:image:width\" content=\"1500\" \/>\n\t<meta property=\"og:image:height\" content=\"2000\" \/>\n\t<meta property=\"og:image:type\" content=\"image\/jpeg\" \/>\n<meta name=\"twitter:card\" content=\"summary_large_image\" \/>\n<meta name=\"twitter:label1\" content=\"Dur\u00e9e de lecture estim\u00e9e\" \/>\n\t<meta name=\"twitter:data1\" content=\"1 minute\" \/>\n<script type=\"application\/ld+json\" class=\"yoast-schema-graph\">{\"@context\":\"https:\\\/\\\/schema.org\",\"@graph\":[{\"@type\":\"WebPage\",\"@id\":\"https:\\\/\\\/joyeriafloral.com\\\/fr\\\/bagues-et-bracelets\\\/anillo-gota-en-laton\\\/\",\"url\":\"https:\\\/\\\/joyeriafloral.com\\\/fr\\\/bagues-et-bracelets\\\/anillo-gota-en-laton\\\/\",\"name\":\"Anillo gota en lat\u00f3n - Joyer\u00eda floral\",\"isPartOf\":{\"@id\":\"https:\\\/\\\/joyeriafloral.com\\\/fr\\\/#website\"},\"primaryImageOfPage\":{\"@id\":\"https:\\\/\\\/joyeriafloral.com\\\/fr\\\/bagues-et-bracelets\\\/anillo-gota-en-laton\\\/#primaryimage\"},\"image\":{\"@id\":\"https:\\\/\\\/joyeriafloral.com\\\/fr\\\/bagues-et-bracelets\\\/anillo-gota-en-laton\\\/#primaryimage\"},\"thumbnailUrl\":\"https:\\\/\\\/joyeriafloral.com\\\/wp-content\\\/uploads\\\/2024\\\/11\\\/WhatsApp-Image-2024-11-19-at-14.00.403.jpeg\",\"datePublished\":\"2024-11-19T13:19:23+00:00\",\"dateModified\":\"2025-07-24T20:36:37+00:00\",\"breadcrumb\":{\"@id\":\"https:\\\/\\\/joyeriafloral.com\\\/fr\\\/bagues-et-bracelets\\\/anillo-gota-en-laton\\\/#breadcrumb\"},\"inLanguage\":\"fr-FR\",\"potentialAction\":[{\"@type\":\"ReadAction\",\"target\":[\"https:\\\/\\\/joyeriafloral.com\\\/fr\\\/bagues-et-bracelets\\\/anillo-gota-en-laton\\\/\"]}]},{\"@type\":\"ImageObject\",\"inLanguage\":\"fr-FR\",\"@id\":\"https:\\\/\\\/joyeriafloral.com\\\/fr\\\/bagues-et-bracelets\\\/anillo-gota-en-laton\\\/#primaryimage\",\"url\":\"https:\\\/\\\/joyeriafloral.com\\\/wp-content\\\/uploads\\\/2024\\\/11\\\/WhatsApp-Image-2024-11-19-at-14.00.403.jpeg\",\"contentUrl\":\"https:\\\/\\\/joyeriafloral.com\\\/wp-content\\\/uploads\\\/2024\\\/11\\\/WhatsApp-Image-2024-11-19-at-14.00.403.jpeg\",\"width\":1500,\"height\":2000,\"caption\":\"anillo con flor\"},{\"@type\":\"BreadcrumbList\",\"@id\":\"https:\\\/\\\/joyeriafloral.com\\\/fr\\\/bagues-et-bracelets\\\/anillo-gota-en-laton\\\/#breadcrumb\",\"itemListElement\":[{\"@type\":\"ListItem\",\"position\":1,\"name\":\"Inicio\",\"item\":\"https:\\\/\\\/joyeriafloral.com\\\/fr\\\/\"},{\"@type\":\"ListItem\",\"position\":2,\"name\":\"Tienda\",\"item\":\"https:\\\/\\\/joyeriafloral.com\\\/tienda\\\/\"},{\"@type\":\"ListItem\",\"position\":3,\"name\":\"Anillo gota en lat\u00f3n\"}]},{\"@type\":\"WebSite\",\"@id\":\"https:\\\/\\\/joyeriafloral.com\\\/fr\\\/#website\",\"url\":\"https:\\\/\\\/joyeriafloral.com\\\/fr\\\/\",\"name\":\"Joyer\u00eda floral\",\"description\":\"ARTE-SANA\",\"publisher\":{\"@id\":\"https:\\\/\\\/joyeriafloral.com\\\/fr\\\/#\\\/schema\\\/person\\\/7b9d54dbd2334a9d717b19554ea5effe\"},\"potentialAction\":[{\"@type\":\"SearchAction\",\"target\":{\"@type\":\"EntryPoint\",\"urlTemplate\":\"https:\\\/\\\/joyeriafloral.com\\\/fr\\\/?s={search_term_string}\"},\"query-input\":{\"@type\":\"PropertyValueSpecification\",\"valueRequired\":true,\"valueName\":\"search_term_string\"}}],\"inLanguage\":\"fr-FR\"},{\"@type\":[\"Person\",\"Organization\"],\"@id\":\"https:\\\/\\\/joyeriafloral.com\\\/fr\\\/#\\\/schema\\\/person\\\/7b9d54dbd2334a9d717b19554ea5effe\",\"name\":\"nereartesana\",\"image\":{\"@type\":\"ImageObject\",\"inLanguage\":\"fr-FR\",\"@id\":\"https:\\\/\\\/joyeriafloral.com\\\/wp-content\\\/uploads\\\/2025\\\/03\\\/cropped-logotype_joyeriafloral.jpg\",\"url\":\"https:\\\/\\\/joyeriafloral.com\\\/wp-content\\\/uploads\\\/2025\\\/03\\\/cropped-logotype_joyeriafloral.jpg\",\"contentUrl\":\"https:\\\/\\\/joyeriafloral.com\\\/wp-content\\\/uploads\\\/2025\\\/03\\\/cropped-logotype_joyeriafloral.jpg\",\"width\":1598,\"height\":458,\"caption\":\"nereartesana\"},\"logo\":{\"@id\":\"https:\\\/\\\/joyeriafloral.com\\\/wp-content\\\/uploads\\\/2025\\\/03\\\/cropped-logotype_joyeriafloral.jpg\"}}]}<\/script>\n<!-- \/ Yoast SEO plugin. -->","yoast_head_json":{"title":"Anillo gota en lat\u00f3n - Joyer\u00eda floral","robots":{"index":"index","follow":"follow","max-snippet":"max-snippet:-1","max-image-preview":"max-image-preview:large","max-video-preview":"max-video-preview:-1"},"canonical":"https:\/\/joyeriafloral.com\/fr\/bagues-et-bracelets\/anillo-gota-en-laton\/","og_locale":"fr_FR","og_type":"article","og_title":"Anillo gota en lat\u00f3n - Joyer\u00eda floral","og_description":"Anillo de lat\u00f3n.","og_url":"https:\/\/joyeriafloral.com\/fr\/bagues-et-bracelets\/anillo-gota-en-laton\/","og_site_name":"Joyer\u00eda floral","article_modified_time":"2025-07-24T20:36:37+00:00","og_image":[{"width":1500,"height":2000,"url":"https:\/\/joyeriafloral.com\/wp-content\/uploads\/2024\/11\/WhatsApp-Image-2024-11-19-at-14.00.403.jpeg","type":"image\/jpeg"}],"twitter_card":"summary_large_image","twitter_misc":{"Dur\u00e9e de lecture estim\u00e9e":"1 minute"},"schema":{"@context":"https:\/\/schema.org","@graph":[{"@type":"WebPage","@id":"https:\/\/joyeriafloral.com\/fr\/bagues-et-bracelets\/anillo-gota-en-laton\/","url":"https:\/\/joyeriafloral.com\/fr\/bagues-et-bracelets\/anillo-gota-en-laton\/","name":"Anillo gota en lat\u00f3n - Joyer\u00eda floral","isPartOf":{"@id":"https:\/\/joyeriafloral.com\/fr\/#website"},"primaryImageOfPage":{"@id":"https:\/\/joyeriafloral.com\/fr\/bagues-et-bracelets\/anillo-gota-en-laton\/#primaryimage"},"image":{"@id":"https:\/\/joyeriafloral.com\/fr\/bagues-et-bracelets\/anillo-gota-en-laton\/#primaryimage"},"thumbnailUrl":"https:\/\/joyeriafloral.com\/wp-content\/uploads\/2024\/11\/WhatsApp-Image-2024-11-19-at-14.00.403.jpeg","datePublished":"2024-11-19T13:19:23+00:00","dateModified":"2025-07-24T20:36:37+00:00","breadcrumb":{"@id":"https:\/\/joyeriafloral.com\/fr\/bagues-et-bracelets\/anillo-gota-en-laton\/#breadcrumb"},"inLanguage":"fr-FR","potentialAction":[{"@type":"ReadAction","target":["https:\/\/joyeriafloral.com\/fr\/bagues-et-bracelets\/anillo-gota-en-laton\/"]}]},{"@type":"ImageObject","inLanguage":"fr-FR","@id":"https:\/\/joyeriafloral.com\/fr\/bagues-et-bracelets\/anillo-gota-en-laton\/#primaryimage","url":"https:\/\/joyeriafloral.com\/wp-content\/uploads\/2024\/11\/WhatsApp-Image-2024-11-19-at-14.00.403.jpeg","contentUrl":"https:\/\/joyeriafloral.com\/wp-content\/uploads\/2024\/11\/WhatsApp-Image-2024-11-19-at-14.00.403.jpeg","width":1500,"height":2000,"caption":"anillo con flor"},{"@type":"BreadcrumbList","@id":"https:\/\/joyeriafloral.com\/fr\/bagues-et-bracelets\/anillo-gota-en-laton\/#breadcrumb","itemListElement":[{"@type":"ListItem","position":1,"name":"Inicio","item":"https:\/\/joyeriafloral.com\/fr\/"},{"@type":"ListItem","position":2,"name":"Tienda","item":"https:\/\/joyeriafloral.com\/tienda\/"},{"@type":"ListItem","position":3,"name":"Anillo gota en lat\u00f3n"}]},{"@type":"WebSite","@id":"https:\/\/joyeriafloral.com\/fr\/#website","url":"https:\/\/joyeriafloral.com\/fr\/","name":"Joyer\u00eda floral","description":"ARTE-SANA","publisher":{"@id":"https:\/\/joyeriafloral.com\/fr\/#\/schema\/person\/7b9d54dbd2334a9d717b19554ea5effe"},"potentialAction":[{"@type":"SearchAction","target":{"@type":"EntryPoint","urlTemplate":"https:\/\/joyeriafloral.com\/fr\/?s={search_term_string}"},"query-input":{"@type":"PropertyValueSpecification","valueRequired":true,"valueName":"search_term_string"}}],"inLanguage":"fr-FR"},{"@type":["Person","Organization"],"@id":"https:\/\/joyeriafloral.com\/fr\/#\/schema\/person\/7b9d54dbd2334a9d717b19554ea5effe","name":"nereartesana","image":{"@type":"ImageObject","inLanguage":"fr-FR","@id":"https:\/\/joyeriafloral.com\/wp-content\/uploads\/2025\/03\/cropped-logotype_joyeriafloral.jpg","url":"https:\/\/joyeriafloral.com\/wp-content\/uploads\/2025\/03\/cropped-logotype_joyeriafloral.jpg","contentUrl":"https:\/\/joyeriafloral.com\/wp-content\/uploads\/2025\/03\/cropped-logotype_joyeriafloral.jpg","width":1598,"height":458,"caption":"nereartesana"},"logo":{"@id":"https:\/\/joyeriafloral.com\/wp-content\/uploads\/2025\/03\/cropped-logotype_joyeriafloral.jpg"}}]}},"_links":{"self":[{"href":"https:\/\/joyeriafloral.com\/fr\/wp-json\/wp\/v2\/product\/5917","targetHints":{"allow":["GET"]}}],"collection":[{"href":"https:\/\/joyeriafloral.com\/fr\/wp-json\/wp\/v2\/product"}],"about":[{"href":"https:\/\/joyeriafloral.com\/fr\/wp-json\/wp\/v2\/types\/product"}],"replies":[{"embeddable":true,"href":"https:\/\/joyeriafloral.com\/fr\/wp-json\/wp\/v2\/comments?post=5917"}],"wp:featuredmedia":[{"embeddable":true,"href":"https:\/\/joyeriafloral.com\/fr\/wp-json\/wp\/v2\/media\/5915"}],"wp:attachment":[{"href":"https:\/\/joyeriafloral.com\/fr\/wp-json\/wp\/v2\/media?parent=5917"}],"wp:term":[{"taxonomy":"product_brand","embeddable":true,"href":"https:\/\/joyeriafloral.com\/fr\/wp-json\/wp\/v2\/product_brand?post=5917"},{"taxonomy":"product_cat","embeddable":true,"href":"https:\/\/joyeriafloral.com\/fr\/wp-json\/wp\/v2\/product_cat?post=5917"},{"taxonomy":"product_tag","embeddable":true,"href":"https:\/\/joyeriafloral.com\/fr\/wp-json\/wp\/v2\/product_tag?post=5917"}],"curies":[{"name":"wp","href":"https:\/\/api.w.org\/{rel}","templated":true}]}}