{"id":6775,"date":"2025-09-20T11:51:35","date_gmt":"2025-09-20T11:51:35","guid":{"rendered":"https:\/\/joyeriafloral.com\/?post_type=product&#038;p=6775"},"modified":"2026-03-07T19:21:37","modified_gmt":"2026-03-07T19:21:37","slug":"pulsera-macrame-con-petalos-de-flores","status":"publish","type":"product","link":"https:\/\/joyeriafloral.com\/fr\/joyas-recuerdo\/pulsera-macrame-con-petalos-de-flores\/","title":{"rendered":"Pulsera macram\u00e9 con p\u00e9talos de flores"},"content":{"rendered":"<p>Este pulsera est\u00e1 elaborada 100% a mano con un hilo de macram\u00e9 y la bolita con p\u00e9talos de flores naturales, est\u00e1 dise\u00f1ado para guardar un recuerdo eterno. Puedes personalizarlo con p\u00e9talos de flores que representen un momento especial o que te conecten con esa persona querida que siempre llevas en el coraz\u00f3n.<\/p>\n<p>El color del hilo lo puedes elegir a tu gusto, los colores los podr\u00e1s encontrar en las fotos del anuncio.<\/p>\n<p>Una vez realizada la compra, recibir\u00e1s un correo con las instrucciones para enviarnos tus flores. Cuando las tengamos, comenzaremos a encapsularlas con mimo y dedicaci\u00f3n para crear tu joya \u00fanica.<\/p>\n<p>\ud83d\udc90 Porque hay recuerdos que merecen ser llevados cerca del alma.<\/p>\n","protected":false},"excerpt":{"rendered":"<p>Este pulsera est\u00e1 elaborada 100% a mano con un hilo de macram\u00e9 y la bolita con p\u00e9talos de flores naturales, est\u00e1 dise\u00f1ado para guardar un recuerdo eterno. Puedes personalizarlo con p\u00e9talos de flores que representen un momento especial o que te conecten con esa persona querida que siempre llevas en el coraz\u00f3n. El color del [&hellip;]<\/p>\n","protected":false},"featured_media":6779,"comment_status":"open","ping_status":"closed","template":"","meta":{"_acf_changed":false,"_joinchat":[]},"product_brand":[],"product_cat":[32],"product_tag":[],"class_list":{"0":"post-6775","1":"product","2":"type-product","3":"status-publish","4":"has-post-thumbnail","6":"product_cat-joyas-recuerdo","8":"first","9":"outofstock","10":"taxable","11":"shipping-taxable","12":"purchasable","13":"product-type-variable"},"acf":[],"yoast_head":"<!-- This site is optimized with the Yoast SEO plugin v27.3 - https:\/\/yoast.com\/product\/yoast-seo-wordpress\/ -->\n<title>Pulsera macram\u00e9 con p\u00e9talos de flores - Joyer\u00eda floral<\/title>\n<meta name=\"robots\" content=\"index, follow, max-snippet:-1, max-image-preview:large, max-video-preview:-1\" \/>\n<link rel=\"canonical\" href=\"https:\/\/joyeriafloral.com\/fr\/joyas-recuerdo\/pulsera-macrame-con-petalos-de-flores\/\" \/>\n<meta property=\"og:locale\" content=\"fr_FR\" \/>\n<meta property=\"og:type\" content=\"article\" \/>\n<meta property=\"og:title\" content=\"Pulsera macram\u00e9 con p\u00e9talos de flores - Joyer\u00eda floral\" \/>\n<meta property=\"og:description\" content=\"Este pulsera est\u00e1 elaborada 100% a mano con un hilo de macram\u00e9 y la bolita con p\u00e9talos de flores naturales, est\u00e1 dise\u00f1ado para guardar un recuerdo eterno. Puedes personalizarlo con p\u00e9talos de flores que representen un momento especial o que te conecten con esa persona querida que siempre llevas en el coraz\u00f3n. El color del [&hellip;]\" \/>\n<meta property=\"og:url\" content=\"https:\/\/joyeriafloral.com\/fr\/joyas-recuerdo\/pulsera-macrame-con-petalos-de-flores\/\" \/>\n<meta property=\"og:site_name\" content=\"Joyer\u00eda floral\" \/>\n<meta property=\"article:modified_time\" content=\"2026-03-07T19:21:37+00:00\" \/>\n<meta property=\"og:image\" content=\"https:\/\/joyeriafloral.com\/wp-content\/uploads\/2025\/09\/pulsera-macrame-con-flores-naturales.jpeg\" \/>\n\t<meta property=\"og:image:width\" content=\"1500\" \/>\n\t<meta property=\"og:image:height\" content=\"2000\" \/>\n\t<meta property=\"og:image:type\" content=\"image\/jpeg\" \/>\n<meta name=\"twitter:card\" content=\"summary_large_image\" \/>\n<meta name=\"twitter:label1\" content=\"Dur\u00e9e de lecture estim\u00e9e\" \/>\n\t<meta name=\"twitter:data1\" content=\"1 minute\" \/>\n<script type=\"application\/ld+json\" class=\"yoast-schema-graph\">{\"@context\":\"https:\\\/\\\/schema.org\",\"@graph\":[{\"@type\":\"WebPage\",\"@id\":\"https:\\\/\\\/joyeriafloral.com\\\/fr\\\/joyas-recuerdo\\\/pulsera-macrame-con-petalos-de-flores\\\/\",\"url\":\"https:\\\/\\\/joyeriafloral.com\\\/fr\\\/joyas-recuerdo\\\/pulsera-macrame-con-petalos-de-flores\\\/\",\"name\":\"Pulsera macram\u00e9 con p\u00e9talos de flores - Joyer\u00eda floral\",\"isPartOf\":{\"@id\":\"https:\\\/\\\/joyeriafloral.com\\\/fr\\\/#website\"},\"primaryImageOfPage\":{\"@id\":\"https:\\\/\\\/joyeriafloral.com\\\/fr\\\/joyas-recuerdo\\\/pulsera-macrame-con-petalos-de-flores\\\/#primaryimage\"},\"image\":{\"@id\":\"https:\\\/\\\/joyeriafloral.com\\\/fr\\\/joyas-recuerdo\\\/pulsera-macrame-con-petalos-de-flores\\\/#primaryimage\"},\"thumbnailUrl\":\"https:\\\/\\\/joyeriafloral.com\\\/wp-content\\\/uploads\\\/2025\\\/09\\\/pulsera-macrame-con-flores-naturales.jpeg\",\"datePublished\":\"2025-09-20T11:51:35+00:00\",\"dateModified\":\"2026-03-07T19:21:37+00:00\",\"breadcrumb\":{\"@id\":\"https:\\\/\\\/joyeriafloral.com\\\/fr\\\/joyas-recuerdo\\\/pulsera-macrame-con-petalos-de-flores\\\/#breadcrumb\"},\"inLanguage\":\"fr-FR\",\"potentialAction\":[{\"@type\":\"ReadAction\",\"target\":[\"https:\\\/\\\/joyeriafloral.com\\\/fr\\\/joyas-recuerdo\\\/pulsera-macrame-con-petalos-de-flores\\\/\"]}]},{\"@type\":\"ImageObject\",\"inLanguage\":\"fr-FR\",\"@id\":\"https:\\\/\\\/joyeriafloral.com\\\/fr\\\/joyas-recuerdo\\\/pulsera-macrame-con-petalos-de-flores\\\/#primaryimage\",\"url\":\"https:\\\/\\\/joyeriafloral.com\\\/wp-content\\\/uploads\\\/2025\\\/09\\\/pulsera-macrame-con-flores-naturales.jpeg\",\"contentUrl\":\"https:\\\/\\\/joyeriafloral.com\\\/wp-content\\\/uploads\\\/2025\\\/09\\\/pulsera-macrame-con-flores-naturales.jpeg\",\"width\":1500,\"height\":2000},{\"@type\":\"BreadcrumbList\",\"@id\":\"https:\\\/\\\/joyeriafloral.com\\\/fr\\\/joyas-recuerdo\\\/pulsera-macrame-con-petalos-de-flores\\\/#breadcrumb\",\"itemListElement\":[{\"@type\":\"ListItem\",\"position\":1,\"name\":\"Inicio\",\"item\":\"https:\\\/\\\/joyeriafloral.com\\\/fr\\\/\"},{\"@type\":\"ListItem\",\"position\":2,\"name\":\"Tienda\",\"item\":\"https:\\\/\\\/joyeriafloral.com\\\/tienda\\\/\"},{\"@type\":\"ListItem\",\"position\":3,\"name\":\"Pulsera macram\u00e9 con p\u00e9talos de flores\"}]},{\"@type\":\"WebSite\",\"@id\":\"https:\\\/\\\/joyeriafloral.com\\\/fr\\\/#website\",\"url\":\"https:\\\/\\\/joyeriafloral.com\\\/fr\\\/\",\"name\":\"Joyer\u00eda floral\",\"description\":\"ARTE-SANA\",\"publisher\":{\"@id\":\"https:\\\/\\\/joyeriafloral.com\\\/fr\\\/#\\\/schema\\\/person\\\/7b9d54dbd2334a9d717b19554ea5effe\"},\"potentialAction\":[{\"@type\":\"SearchAction\",\"target\":{\"@type\":\"EntryPoint\",\"urlTemplate\":\"https:\\\/\\\/joyeriafloral.com\\\/fr\\\/?s={search_term_string}\"},\"query-input\":{\"@type\":\"PropertyValueSpecification\",\"valueRequired\":true,\"valueName\":\"search_term_string\"}}],\"inLanguage\":\"fr-FR\"},{\"@type\":[\"Person\",\"Organization\"],\"@id\":\"https:\\\/\\\/joyeriafloral.com\\\/fr\\\/#\\\/schema\\\/person\\\/7b9d54dbd2334a9d717b19554ea5effe\",\"name\":\"nereartesana\",\"image\":{\"@type\":\"ImageObject\",\"inLanguage\":\"fr-FR\",\"@id\":\"https:\\\/\\\/joyeriafloral.com\\\/wp-content\\\/uploads\\\/2025\\\/03\\\/cropped-logotype_joyeriafloral.jpg\",\"url\":\"https:\\\/\\\/joyeriafloral.com\\\/wp-content\\\/uploads\\\/2025\\\/03\\\/cropped-logotype_joyeriafloral.jpg\",\"contentUrl\":\"https:\\\/\\\/joyeriafloral.com\\\/wp-content\\\/uploads\\\/2025\\\/03\\\/cropped-logotype_joyeriafloral.jpg\",\"width\":1598,\"height\":458,\"caption\":\"nereartesana\"},\"logo\":{\"@id\":\"https:\\\/\\\/joyeriafloral.com\\\/wp-content\\\/uploads\\\/2025\\\/03\\\/cropped-logotype_joyeriafloral.jpg\"}}]}<\/script>\n<!-- \/ Yoast SEO plugin. -->","yoast_head_json":{"title":"Pulsera macram\u00e9 con p\u00e9talos de flores - Joyer\u00eda floral","robots":{"index":"index","follow":"follow","max-snippet":"max-snippet:-1","max-image-preview":"max-image-preview:large","max-video-preview":"max-video-preview:-1"},"canonical":"https:\/\/joyeriafloral.com\/fr\/joyas-recuerdo\/pulsera-macrame-con-petalos-de-flores\/","og_locale":"fr_FR","og_type":"article","og_title":"Pulsera macram\u00e9 con p\u00e9talos de flores - Joyer\u00eda floral","og_description":"Este pulsera est\u00e1 elaborada 100% a mano con un hilo de macram\u00e9 y la bolita con p\u00e9talos de flores naturales, est\u00e1 dise\u00f1ado para guardar un recuerdo eterno. Puedes personalizarlo con p\u00e9talos de flores que representen un momento especial o que te conecten con esa persona querida que siempre llevas en el coraz\u00f3n. El color del [&hellip;]","og_url":"https:\/\/joyeriafloral.com\/fr\/joyas-recuerdo\/pulsera-macrame-con-petalos-de-flores\/","og_site_name":"Joyer\u00eda floral","article_modified_time":"2026-03-07T19:21:37+00:00","og_image":[{"width":1500,"height":2000,"url":"https:\/\/joyeriafloral.com\/wp-content\/uploads\/2025\/09\/pulsera-macrame-con-flores-naturales.jpeg","type":"image\/jpeg"}],"twitter_card":"summary_large_image","twitter_misc":{"Dur\u00e9e de lecture estim\u00e9e":"1 minute"},"schema":{"@context":"https:\/\/schema.org","@graph":[{"@type":"WebPage","@id":"https:\/\/joyeriafloral.com\/fr\/joyas-recuerdo\/pulsera-macrame-con-petalos-de-flores\/","url":"https:\/\/joyeriafloral.com\/fr\/joyas-recuerdo\/pulsera-macrame-con-petalos-de-flores\/","name":"Pulsera macram\u00e9 con p\u00e9talos de flores - Joyer\u00eda floral","isPartOf":{"@id":"https:\/\/joyeriafloral.com\/fr\/#website"},"primaryImageOfPage":{"@id":"https:\/\/joyeriafloral.com\/fr\/joyas-recuerdo\/pulsera-macrame-con-petalos-de-flores\/#primaryimage"},"image":{"@id":"https:\/\/joyeriafloral.com\/fr\/joyas-recuerdo\/pulsera-macrame-con-petalos-de-flores\/#primaryimage"},"thumbnailUrl":"https:\/\/joyeriafloral.com\/wp-content\/uploads\/2025\/09\/pulsera-macrame-con-flores-naturales.jpeg","datePublished":"2025-09-20T11:51:35+00:00","dateModified":"2026-03-07T19:21:37+00:00","breadcrumb":{"@id":"https:\/\/joyeriafloral.com\/fr\/joyas-recuerdo\/pulsera-macrame-con-petalos-de-flores\/#breadcrumb"},"inLanguage":"fr-FR","potentialAction":[{"@type":"ReadAction","target":["https:\/\/joyeriafloral.com\/fr\/joyas-recuerdo\/pulsera-macrame-con-petalos-de-flores\/"]}]},{"@type":"ImageObject","inLanguage":"fr-FR","@id":"https:\/\/joyeriafloral.com\/fr\/joyas-recuerdo\/pulsera-macrame-con-petalos-de-flores\/#primaryimage","url":"https:\/\/joyeriafloral.com\/wp-content\/uploads\/2025\/09\/pulsera-macrame-con-flores-naturales.jpeg","contentUrl":"https:\/\/joyeriafloral.com\/wp-content\/uploads\/2025\/09\/pulsera-macrame-con-flores-naturales.jpeg","width":1500,"height":2000},{"@type":"BreadcrumbList","@id":"https:\/\/joyeriafloral.com\/fr\/joyas-recuerdo\/pulsera-macrame-con-petalos-de-flores\/#breadcrumb","itemListElement":[{"@type":"ListItem","position":1,"name":"Inicio","item":"https:\/\/joyeriafloral.com\/fr\/"},{"@type":"ListItem","position":2,"name":"Tienda","item":"https:\/\/joyeriafloral.com\/tienda\/"},{"@type":"ListItem","position":3,"name":"Pulsera macram\u00e9 con p\u00e9talos de flores"}]},{"@type":"WebSite","@id":"https:\/\/joyeriafloral.com\/fr\/#website","url":"https:\/\/joyeriafloral.com\/fr\/","name":"Joyer\u00eda floral","description":"ARTE-SANA","publisher":{"@id":"https:\/\/joyeriafloral.com\/fr\/#\/schema\/person\/7b9d54dbd2334a9d717b19554ea5effe"},"potentialAction":[{"@type":"SearchAction","target":{"@type":"EntryPoint","urlTemplate":"https:\/\/joyeriafloral.com\/fr\/?s={search_term_string}"},"query-input":{"@type":"PropertyValueSpecification","valueRequired":true,"valueName":"search_term_string"}}],"inLanguage":"fr-FR"},{"@type":["Person","Organization"],"@id":"https:\/\/joyeriafloral.com\/fr\/#\/schema\/person\/7b9d54dbd2334a9d717b19554ea5effe","name":"nereartesana","image":{"@type":"ImageObject","inLanguage":"fr-FR","@id":"https:\/\/joyeriafloral.com\/wp-content\/uploads\/2025\/03\/cropped-logotype_joyeriafloral.jpg","url":"https:\/\/joyeriafloral.com\/wp-content\/uploads\/2025\/03\/cropped-logotype_joyeriafloral.jpg","contentUrl":"https:\/\/joyeriafloral.com\/wp-content\/uploads\/2025\/03\/cropped-logotype_joyeriafloral.jpg","width":1598,"height":458,"caption":"nereartesana"},"logo":{"@id":"https:\/\/joyeriafloral.com\/wp-content\/uploads\/2025\/03\/cropped-logotype_joyeriafloral.jpg"}}]}},"_links":{"self":[{"href":"https:\/\/joyeriafloral.com\/fr\/wp-json\/wp\/v2\/product\/6775","targetHints":{"allow":["GET"]}}],"collection":[{"href":"https:\/\/joyeriafloral.com\/fr\/wp-json\/wp\/v2\/product"}],"about":[{"href":"https:\/\/joyeriafloral.com\/fr\/wp-json\/wp\/v2\/types\/product"}],"replies":[{"embeddable":true,"href":"https:\/\/joyeriafloral.com\/fr\/wp-json\/wp\/v2\/comments?post=6775"}],"wp:featuredmedia":[{"embeddable":true,"href":"https:\/\/joyeriafloral.com\/fr\/wp-json\/wp\/v2\/media\/6779"}],"wp:attachment":[{"href":"https:\/\/joyeriafloral.com\/fr\/wp-json\/wp\/v2\/media?parent=6775"}],"wp:term":[{"taxonomy":"product_brand","embeddable":true,"href":"https:\/\/joyeriafloral.com\/fr\/wp-json\/wp\/v2\/product_brand?post=6775"},{"taxonomy":"product_cat","embeddable":true,"href":"https:\/\/joyeriafloral.com\/fr\/wp-json\/wp\/v2\/product_cat?post=6775"},{"taxonomy":"product_tag","embeddable":true,"href":"https:\/\/joyeriafloral.com\/fr\/wp-json\/wp\/v2\/product_tag?post=6775"}],"curies":[{"name":"wp","href":"https:\/\/api.w.org\/{rel}","templated":true}]}}