{"id":7562,"date":"2026-03-25T18:36:17","date_gmt":"2026-03-25T18:36:17","guid":{"rendered":"https:\/\/joyeriafloral.com\/?post_type=product&#038;p=7562"},"modified":"2026-03-25T18:36:18","modified_gmt":"2026-03-25T18:36:18","slug":"anillo-mini-turquesa","status":"publish","type":"product","link":"https:\/\/joyeriafloral.com\/fr\/anillos-y-pulsera\/anillo-mini-turquesa\/","title":{"rendered":"Anillo Mini Turquesa"},"content":{"rendered":"<p>Anillo de plata de ley con flores naturales y una peque\u00f1a circonita. El fondo cambia seg\u00fan la luz solar, pasa de tonos verdes, turquesa y azul. Edici\u00f3n limitada.<\/p>\n<p>Medidas del di\u00e1metro del anillo:<\/p>\n<p>Talla 4 (15mm)<\/p>\n<p>Talla 5 (15\u20197mm)<\/p>\n<p>Talla 6 (16\u20195mm)<\/p>\n<p>Talla 7 (17\u20197mm)<\/p>\n<p>Talla 8 (18mm)<\/p>\n<p>Talla 9 (18\u20195mm)<\/p>\n<p>Para saber la talla puedes coger un trozo de papel y l\u00e1piz, con la tira de papel medir el dedo que quieres para el anillo y marcar con el l\u00e1piz el di\u00e1metro de tu dedo, despu\u00e9s puedes utilizar una regla para saber la medida en cm y la talla.dida en cm y la talla.<\/p>\n","protected":false},"excerpt":{"rendered":"<p>Anillo de plata de ley con flores naturales y una peque\u00f1a circonita. El fondo cambia seg\u00fan la luz solar, pasa de tonos verdes, turquesa y azul. Edici\u00f3n limitada. Medidas del di\u00e1metro del anillo: Talla 4 (15mm) Talla 5 (15\u20197mm) Talla 6 (16\u20195mm) Talla 7 (17\u20197mm) Talla 8 (18mm) Talla 9 (18\u20195mm) Para saber la talla [&hellip;]<\/p>\n","protected":false},"featured_media":7573,"comment_status":"open","ping_status":"closed","template":"","meta":{"_acf_changed":false,"_joinchat":[]},"product_brand":[],"product_cat":[27,51],"product_tag":[78],"class_list":{"0":"post-7562","1":"product","2":"type-product","3":"status-publish","4":"has-post-thumbnail","6":"product_cat-anillos-y-pulsera","7":"product_cat-anillos-pulseras-plata-ley","8":"product_tag-flores-silvestres","10":"first","11":"instock","12":"taxable","13":"shipping-taxable","14":"purchasable","15":"product-type-variable"},"acf":[],"yoast_head":"<!-- This site is optimized with the Yoast SEO plugin v27.3 - https:\/\/yoast.com\/product\/yoast-seo-wordpress\/ -->\n<title>Anillo Mini Turquesa - Joyer\u00eda floral<\/title>\n<meta name=\"robots\" content=\"index, follow, max-snippet:-1, max-image-preview:large, max-video-preview:-1\" \/>\n<link rel=\"canonical\" href=\"https:\/\/joyeriafloral.com\/fr\/anillos-y-pulsera\/anillo-mini-turquesa\/\" \/>\n<meta property=\"og:locale\" content=\"fr_FR\" \/>\n<meta property=\"og:type\" content=\"article\" \/>\n<meta property=\"og:title\" content=\"Anillo Mini Turquesa - Joyer\u00eda floral\" \/>\n<meta property=\"og:description\" content=\"Anillo de plata de ley con flores naturales y una peque\u00f1a circonita. El fondo cambia seg\u00fan la luz solar, pasa de tonos verdes, turquesa y azul. Edici\u00f3n limitada. Medidas del di\u00e1metro del anillo: Talla 4 (15mm) Talla 5 (15\u20197mm) Talla 6 (16\u20195mm) Talla 7 (17\u20197mm) Talla 8 (18mm) Talla 9 (18\u20195mm) Para saber la talla [&hellip;]\" \/>\n<meta property=\"og:url\" content=\"https:\/\/joyeriafloral.com\/fr\/anillos-y-pulsera\/anillo-mini-turquesa\/\" \/>\n<meta property=\"og:site_name\" content=\"Joyer\u00eda floral\" \/>\n<meta property=\"article:modified_time\" content=\"2026-03-25T18:36:18+00:00\" \/>\n<meta property=\"og:image\" content=\"https:\/\/joyeriafloral.com\/wp-content\/uploads\/2026\/03\/WhatsApp-Image-2026-03-25-at-19.31.52.jpeg\" \/>\n\t<meta property=\"og:image:width\" content=\"1080\" \/>\n\t<meta property=\"og:image:height\" content=\"1289\" \/>\n\t<meta property=\"og:image:type\" content=\"image\/jpeg\" \/>\n<meta name=\"twitter:card\" content=\"summary_large_image\" \/>\n<meta name=\"twitter:label1\" content=\"Dur\u00e9e de lecture estim\u00e9e\" \/>\n\t<meta name=\"twitter:data1\" content=\"1 minute\" \/>\n<script type=\"application\/ld+json\" class=\"yoast-schema-graph\">{\"@context\":\"https:\\\/\\\/schema.org\",\"@graph\":[{\"@type\":\"WebPage\",\"@id\":\"https:\\\/\\\/joyeriafloral.com\\\/fr\\\/anillos-y-pulsera\\\/anillo-mini-turquesa\\\/\",\"url\":\"https:\\\/\\\/joyeriafloral.com\\\/fr\\\/anillos-y-pulsera\\\/anillo-mini-turquesa\\\/\",\"name\":\"Anillo Mini Turquesa - Joyer\u00eda floral\",\"isPartOf\":{\"@id\":\"https:\\\/\\\/joyeriafloral.com\\\/fr\\\/#website\"},\"primaryImageOfPage\":{\"@id\":\"https:\\\/\\\/joyeriafloral.com\\\/fr\\\/anillos-y-pulsera\\\/anillo-mini-turquesa\\\/#primaryimage\"},\"image\":{\"@id\":\"https:\\\/\\\/joyeriafloral.com\\\/fr\\\/anillos-y-pulsera\\\/anillo-mini-turquesa\\\/#primaryimage\"},\"thumbnailUrl\":\"https:\\\/\\\/joyeriafloral.com\\\/wp-content\\\/uploads\\\/2026\\\/03\\\/WhatsApp-Image-2026-03-25-at-19.31.52.jpeg\",\"datePublished\":\"2026-03-25T18:36:17+00:00\",\"dateModified\":\"2026-03-25T18:36:18+00:00\",\"breadcrumb\":{\"@id\":\"https:\\\/\\\/joyeriafloral.com\\\/fr\\\/anillos-y-pulsera\\\/anillo-mini-turquesa\\\/#breadcrumb\"},\"inLanguage\":\"fr-FR\",\"potentialAction\":[{\"@type\":\"ReadAction\",\"target\":[\"https:\\\/\\\/joyeriafloral.com\\\/fr\\\/anillos-y-pulsera\\\/anillo-mini-turquesa\\\/\"]}]},{\"@type\":\"ImageObject\",\"inLanguage\":\"fr-FR\",\"@id\":\"https:\\\/\\\/joyeriafloral.com\\\/fr\\\/anillos-y-pulsera\\\/anillo-mini-turquesa\\\/#primaryimage\",\"url\":\"https:\\\/\\\/joyeriafloral.com\\\/wp-content\\\/uploads\\\/2026\\\/03\\\/WhatsApp-Image-2026-03-25-at-19.31.52.jpeg\",\"contentUrl\":\"https:\\\/\\\/joyeriafloral.com\\\/wp-content\\\/uploads\\\/2026\\\/03\\\/WhatsApp-Image-2026-03-25-at-19.31.52.jpeg\",\"width\":1080,\"height\":1289},{\"@type\":\"BreadcrumbList\",\"@id\":\"https:\\\/\\\/joyeriafloral.com\\\/fr\\\/anillos-y-pulsera\\\/anillo-mini-turquesa\\\/#breadcrumb\",\"itemListElement\":[{\"@type\":\"ListItem\",\"position\":1,\"name\":\"Inicio\",\"item\":\"https:\\\/\\\/joyeriafloral.com\\\/fr\\\/\"},{\"@type\":\"ListItem\",\"position\":2,\"name\":\"Tienda\",\"item\":\"https:\\\/\\\/joyeriafloral.com\\\/tienda\\\/\"},{\"@type\":\"ListItem\",\"position\":3,\"name\":\"Anillo Mini Turquesa\"}]},{\"@type\":\"WebSite\",\"@id\":\"https:\\\/\\\/joyeriafloral.com\\\/fr\\\/#website\",\"url\":\"https:\\\/\\\/joyeriafloral.com\\\/fr\\\/\",\"name\":\"Joyer\u00eda floral\",\"description\":\"ARTE-SANA\",\"publisher\":{\"@id\":\"https:\\\/\\\/joyeriafloral.com\\\/fr\\\/#\\\/schema\\\/person\\\/7b9d54dbd2334a9d717b19554ea5effe\"},\"potentialAction\":[{\"@type\":\"SearchAction\",\"target\":{\"@type\":\"EntryPoint\",\"urlTemplate\":\"https:\\\/\\\/joyeriafloral.com\\\/fr\\\/?s={search_term_string}\"},\"query-input\":{\"@type\":\"PropertyValueSpecification\",\"valueRequired\":true,\"valueName\":\"search_term_string\"}}],\"inLanguage\":\"fr-FR\"},{\"@type\":[\"Person\",\"Organization\"],\"@id\":\"https:\\\/\\\/joyeriafloral.com\\\/fr\\\/#\\\/schema\\\/person\\\/7b9d54dbd2334a9d717b19554ea5effe\",\"name\":\"nereartesana\",\"image\":{\"@type\":\"ImageObject\",\"inLanguage\":\"fr-FR\",\"@id\":\"https:\\\/\\\/joyeriafloral.com\\\/wp-content\\\/uploads\\\/2025\\\/03\\\/cropped-logotype_joyeriafloral.jpg\",\"url\":\"https:\\\/\\\/joyeriafloral.com\\\/wp-content\\\/uploads\\\/2025\\\/03\\\/cropped-logotype_joyeriafloral.jpg\",\"contentUrl\":\"https:\\\/\\\/joyeriafloral.com\\\/wp-content\\\/uploads\\\/2025\\\/03\\\/cropped-logotype_joyeriafloral.jpg\",\"width\":1598,\"height\":458,\"caption\":\"nereartesana\"},\"logo\":{\"@id\":\"https:\\\/\\\/joyeriafloral.com\\\/wp-content\\\/uploads\\\/2025\\\/03\\\/cropped-logotype_joyeriafloral.jpg\"}}]}<\/script>\n<!-- \/ Yoast SEO plugin. -->","yoast_head_json":{"title":"Anillo Mini Turquesa - Joyer\u00eda floral","robots":{"index":"index","follow":"follow","max-snippet":"max-snippet:-1","max-image-preview":"max-image-preview:large","max-video-preview":"max-video-preview:-1"},"canonical":"https:\/\/joyeriafloral.com\/fr\/anillos-y-pulsera\/anillo-mini-turquesa\/","og_locale":"fr_FR","og_type":"article","og_title":"Anillo Mini Turquesa - Joyer\u00eda floral","og_description":"Anillo de plata de ley con flores naturales y una peque\u00f1a circonita. El fondo cambia seg\u00fan la luz solar, pasa de tonos verdes, turquesa y azul. Edici\u00f3n limitada. Medidas del di\u00e1metro del anillo: Talla 4 (15mm) Talla 5 (15\u20197mm) Talla 6 (16\u20195mm) Talla 7 (17\u20197mm) Talla 8 (18mm) Talla 9 (18\u20195mm) Para saber la talla [&hellip;]","og_url":"https:\/\/joyeriafloral.com\/fr\/anillos-y-pulsera\/anillo-mini-turquesa\/","og_site_name":"Joyer\u00eda floral","article_modified_time":"2026-03-25T18:36:18+00:00","og_image":[{"width":1080,"height":1289,"url":"https:\/\/joyeriafloral.com\/wp-content\/uploads\/2026\/03\/WhatsApp-Image-2026-03-25-at-19.31.52.jpeg","type":"image\/jpeg"}],"twitter_card":"summary_large_image","twitter_misc":{"Dur\u00e9e de lecture estim\u00e9e":"1 minute"},"schema":{"@context":"https:\/\/schema.org","@graph":[{"@type":"WebPage","@id":"https:\/\/joyeriafloral.com\/fr\/anillos-y-pulsera\/anillo-mini-turquesa\/","url":"https:\/\/joyeriafloral.com\/fr\/anillos-y-pulsera\/anillo-mini-turquesa\/","name":"Anillo Mini Turquesa - Joyer\u00eda floral","isPartOf":{"@id":"https:\/\/joyeriafloral.com\/fr\/#website"},"primaryImageOfPage":{"@id":"https:\/\/joyeriafloral.com\/fr\/anillos-y-pulsera\/anillo-mini-turquesa\/#primaryimage"},"image":{"@id":"https:\/\/joyeriafloral.com\/fr\/anillos-y-pulsera\/anillo-mini-turquesa\/#primaryimage"},"thumbnailUrl":"https:\/\/joyeriafloral.com\/wp-content\/uploads\/2026\/03\/WhatsApp-Image-2026-03-25-at-19.31.52.jpeg","datePublished":"2026-03-25T18:36:17+00:00","dateModified":"2026-03-25T18:36:18+00:00","breadcrumb":{"@id":"https:\/\/joyeriafloral.com\/fr\/anillos-y-pulsera\/anillo-mini-turquesa\/#breadcrumb"},"inLanguage":"fr-FR","potentialAction":[{"@type":"ReadAction","target":["https:\/\/joyeriafloral.com\/fr\/anillos-y-pulsera\/anillo-mini-turquesa\/"]}]},{"@type":"ImageObject","inLanguage":"fr-FR","@id":"https:\/\/joyeriafloral.com\/fr\/anillos-y-pulsera\/anillo-mini-turquesa\/#primaryimage","url":"https:\/\/joyeriafloral.com\/wp-content\/uploads\/2026\/03\/WhatsApp-Image-2026-03-25-at-19.31.52.jpeg","contentUrl":"https:\/\/joyeriafloral.com\/wp-content\/uploads\/2026\/03\/WhatsApp-Image-2026-03-25-at-19.31.52.jpeg","width":1080,"height":1289},{"@type":"BreadcrumbList","@id":"https:\/\/joyeriafloral.com\/fr\/anillos-y-pulsera\/anillo-mini-turquesa\/#breadcrumb","itemListElement":[{"@type":"ListItem","position":1,"name":"Inicio","item":"https:\/\/joyeriafloral.com\/fr\/"},{"@type":"ListItem","position":2,"name":"Tienda","item":"https:\/\/joyeriafloral.com\/tienda\/"},{"@type":"ListItem","position":3,"name":"Anillo Mini Turquesa"}]},{"@type":"WebSite","@id":"https:\/\/joyeriafloral.com\/fr\/#website","url":"https:\/\/joyeriafloral.com\/fr\/","name":"Joyer\u00eda floral","description":"ARTE-SANA","publisher":{"@id":"https:\/\/joyeriafloral.com\/fr\/#\/schema\/person\/7b9d54dbd2334a9d717b19554ea5effe"},"potentialAction":[{"@type":"SearchAction","target":{"@type":"EntryPoint","urlTemplate":"https:\/\/joyeriafloral.com\/fr\/?s={search_term_string}"},"query-input":{"@type":"PropertyValueSpecification","valueRequired":true,"valueName":"search_term_string"}}],"inLanguage":"fr-FR"},{"@type":["Person","Organization"],"@id":"https:\/\/joyeriafloral.com\/fr\/#\/schema\/person\/7b9d54dbd2334a9d717b19554ea5effe","name":"nereartesana","image":{"@type":"ImageObject","inLanguage":"fr-FR","@id":"https:\/\/joyeriafloral.com\/wp-content\/uploads\/2025\/03\/cropped-logotype_joyeriafloral.jpg","url":"https:\/\/joyeriafloral.com\/wp-content\/uploads\/2025\/03\/cropped-logotype_joyeriafloral.jpg","contentUrl":"https:\/\/joyeriafloral.com\/wp-content\/uploads\/2025\/03\/cropped-logotype_joyeriafloral.jpg","width":1598,"height":458,"caption":"nereartesana"},"logo":{"@id":"https:\/\/joyeriafloral.com\/wp-content\/uploads\/2025\/03\/cropped-logotype_joyeriafloral.jpg"}}]}},"_links":{"self":[{"href":"https:\/\/joyeriafloral.com\/fr\/wp-json\/wp\/v2\/product\/7562","targetHints":{"allow":["GET"]}}],"collection":[{"href":"https:\/\/joyeriafloral.com\/fr\/wp-json\/wp\/v2\/product"}],"about":[{"href":"https:\/\/joyeriafloral.com\/fr\/wp-json\/wp\/v2\/types\/product"}],"replies":[{"embeddable":true,"href":"https:\/\/joyeriafloral.com\/fr\/wp-json\/wp\/v2\/comments?post=7562"}],"wp:featuredmedia":[{"embeddable":true,"href":"https:\/\/joyeriafloral.com\/fr\/wp-json\/wp\/v2\/media\/7573"}],"wp:attachment":[{"href":"https:\/\/joyeriafloral.com\/fr\/wp-json\/wp\/v2\/media?parent=7562"}],"wp:term":[{"taxonomy":"product_brand","embeddable":true,"href":"https:\/\/joyeriafloral.com\/fr\/wp-json\/wp\/v2\/product_brand?post=7562"},{"taxonomy":"product_cat","embeddable":true,"href":"https:\/\/joyeriafloral.com\/fr\/wp-json\/wp\/v2\/product_cat?post=7562"},{"taxonomy":"product_tag","embeddable":true,"href":"https:\/\/joyeriafloral.com\/fr\/wp-json\/wp\/v2\/product_tag?post=7562"}],"curies":[{"name":"wp","href":"https:\/\/api.w.org\/{rel}","templated":true}]}}